{"id":1164,"date":"2016-01-17T17:57:55","date_gmt":"2016-09-17T15:57:55","guid":{"rendered":"https:\/\/wp.tendesign.si\/?product=porta-prosciutto-prosciutto-carsica-lucido"},"modified":"2024-04-16T11:21:48","modified_gmt":"2024-04-16T09:21:48","slug":"porta-prosciutto-prosciutto-carsica-lucido","status":"publish","type":"product","link":"https:\/\/wp.tendesign.si\/it\/trgovina\/porta-prosciutto\/porta-prosciutto-prosciutto-carsica-lucido\/","title":{"rendered":"Stand del prosciutto &#8211; Prosciutto Kra\u0161ki kamen Sijaj"},"content":{"rendered":"<p>Caratteristiche speciali del modello di prosciutto Kra\u0161ki Sijaj:<\/p>\n<ul>\n<li>Base: pietra carsica levigata a forma di prosciutto &#8211; spessore 30 mm. Ci\u00f2 conferisce peso e quindi rigidit\u00e0 e stabilit\u00e0 durante il taglio.<\/li>\n<li>Parte metallica: acciaio inox (Inox), lucidato a specchio<\/li>\n<li>I supporti a forma di prosciutto sono dotati di pendenti INOX, che possono essere appesi alla parete come decorazione o come semplice contenitore.<\/li>\n<\/ul>\n<p>* Il colore e il disegno della pietra carsica possono differire dal modello mostrato nell&#8217;immagine.<\/p>\n<p><iframe src=\"https:\/\/www.youtube.com\/embed\/TMAJIox871M?rel=0\" width=\"560\" height=\"315\" frameborder=\"0\" allowfullscreen=\"allowfullscreen\"><\/iframe><\/p>\n<p>&nbsp;<\/p>\n","protected":false},"excerpt":{"rendered":"<p>Design unico e innovativo delle pinze di serraggio in acciaio inox con speciale design a 16 denti.<\/p>\n<p>Il meccanismo continuo rende pratico il serraggio e assicura una presa forte e salda.<\/p>\n<h5><strong>Il modello &#8220;gloss&#8221; della rastrelliera per prosciutto si differenzia da quelli normali<\/strong> per la parte metallica, che in entrambi i casi \u00e8 in acciaio inox lucidato, solo che nel modello gloss \u00e8 ulteriormente lucidato a specchio e i perni di finitura sono INOX &#8211; lucidi invece di quelli in plastica nera!<\/h5>\n","protected":false},"featured_media":4496,"comment_status":"closed","ping_status":"closed","template":"","meta":[],"product_cat":[43],"product_tag":[111,69,109,110,66,1987,68,71,108,112,85,70,72],"yst_prominent_words":[],"_links":{"self":[{"href":"https:\/\/wp.tendesign.si\/it\/wp-json\/wp\/v2\/product\/1164"}],"collection":[{"href":"https:\/\/wp.tendesign.si\/it\/wp-json\/wp\/v2\/product"}],"about":[{"href":"https:\/\/wp.tendesign.si\/it\/wp-json\/wp\/v2\/types\/product"}],"replies":[{"embeddable":true,"href":"https:\/\/wp.tendesign.si\/it\/wp-json\/wp\/v2\/comments?post=1164"}],"wp:featuredmedia":[{"embeddable":true,"href":"https:\/\/wp.tendesign.si\/it\/wp-json\/wp\/v2\/media\/4496"}],"wp:attachment":[{"href":"https:\/\/wp.tendesign.si\/it\/wp-json\/wp\/v2\/media?parent=1164"}],"wp:term":[{"taxonomy":"product_cat","embeddable":true,"href":"https:\/\/wp.tendesign.si\/it\/wp-json\/wp\/v2\/product_cat?post=1164"},{"taxonomy":"product_tag","embeddable":true,"href":"https:\/\/wp.tendesign.si\/it\/wp-json\/wp\/v2\/product_tag?post=1164"},{"taxonomy":"yst_prominent_words","embeddable":true,"href":"https:\/\/wp.tendesign.si\/it\/wp-json\/wp\/v2\/yst_prominent_words?post=1164"}],"curies":[{"name":"wp","href":"https:\/\/api.w.org\/{rel}","templated":true}]}}