{"id":1159,"date":"2019-01-16T19:25:05","date_gmt":"2016-09-17T17:25:05","guid":{"rendered":"https:\/\/wp.tendesign.si\/?product=pistola-per-le-fughe-fugatrice-battery-grasso-spray"},"modified":"2024-04-16T11:55:01","modified_gmt":"2024-04-16T09:55:01","slug":"pistola-per-le-fughe-fugatrice-battery-grasso-spray","status":"publish","type":"product","link":"https:\/\/wp.tendesign.si\/it\/trgovina\/fugatrice\/pistola-per-le-fughe-fugatrice-battery-grasso-spray\/","title":{"rendered":"Dispositivo di stuccatura &#8211; Batteria + lubrificante"},"content":{"rendered":"<p>Componenti:<\/p>\n<ul>\n<li>contenitore per stucco inox (H= 2-3 misurini da muratore)<\/li>\n<li>tubo di uscita inox<\/li>\n<li>ugello in plastica con uscita inox \u00f810<\/li>\n<li>azionamento e miscelazione a spirale<\/li>\n<li>manicotto di tenuta del cuscinetto con o-ring di tenuta<\/li>\n<li>morsetto per fissare il trapano all&#8217;adattatore dell&#8217;impugnatura staccabile<\/li>\n<li>gamba antiribaltamento<\/li>\n<li>tubo di uscita imbottito per il contenimento<\/li>\n<\/ul>\n<p>Trapano a batteria:<\/p>\n<ul>\n<li>Versione ad alta potenza consigliata: da 14 a 24 V<\/li>\n<li>\u00e8 necessario un progetto a tenuta stagna!<\/li>\n<\/ul>\n<p>Completo di dispositivo di stuccatura a batteria e lubrificante spray.<\/p>\n<p>* Il modello mostrato nel video \u00e8 il modello Special, che si differenzia solo per il modo in cui \u00e8 fissato il trapano.<\/p>\n<p><iframe src=\"https:\/\/www.youtube.com\/embed\/mz9Gux7t7ZY?rel=0\" width=\"560\" height=\"315\" frameborder=\"0\" allowfullscreen=\"allowfullscreen\"><\/iframe><\/p>\n","protected":false},"excerpt":{"rendered":"<p>La stuccatrice Battery rende la stuccatura ancora pi\u00f9 facile, pratica, veloce e precisa. Collegare un trapano a batteria al dispositivo, che \u00e8 pi\u00f9 leggero e privo di cavi. L&#8217;accensione del trapano avvia la spirale di trasmissione. Il dosaggio e l&#8217;applicazione uniforme della malta si regolano premendo il tasto di perforazione. Una caratteristica speciale del dispositivo \u00e8 il supporto flessibile del trapano sul dispositivo di stuccatura, che consente di regolare rapidamente e in un&#8217;unica posizione la posizione dell&#8217;impugnatura del trapano a batteria. La staffa pu\u00f2 essere montata in un raggio di 360\u00b0. Tutti i fissaggi e le regolazioni possono essere effettuati manualmente senza l&#8217;uso di attrezzi. Il kit comprende un dispositivo per la stuccatura della batteria e uno spray per la lubrificazione della bussola del cuscinetto e dell&#8217;alloggiamento dell&#8217;assale.<\/p>\n<p>*La foto mostra l&#8217;attacco di un trapano che non fa parte della nostra offerta.<\/p>\n","protected":false},"featured_media":3451,"comment_status":"closed","ping_status":"closed","template":"","meta":[],"product_cat":[46],"product_tag":[1834,1835,1831,1830,1833,1832],"yst_prominent_words":[],"_links":{"self":[{"href":"https:\/\/wp.tendesign.si\/it\/wp-json\/wp\/v2\/product\/1159"}],"collection":[{"href":"https:\/\/wp.tendesign.si\/it\/wp-json\/wp\/v2\/product"}],"about":[{"href":"https:\/\/wp.tendesign.si\/it\/wp-json\/wp\/v2\/types\/product"}],"replies":[{"embeddable":true,"href":"https:\/\/wp.tendesign.si\/it\/wp-json\/wp\/v2\/comments?post=1159"}],"wp:featuredmedia":[{"embeddable":true,"href":"https:\/\/wp.tendesign.si\/it\/wp-json\/wp\/v2\/media\/3451"}],"wp:attachment":[{"href":"https:\/\/wp.tendesign.si\/it\/wp-json\/wp\/v2\/media?parent=1159"}],"wp:term":[{"taxonomy":"product_cat","embeddable":true,"href":"https:\/\/wp.tendesign.si\/it\/wp-json\/wp\/v2\/product_cat?post=1159"},{"taxonomy":"product_tag","embeddable":true,"href":"https:\/\/wp.tendesign.si\/it\/wp-json\/wp\/v2\/product_tag?post=1159"},{"taxonomy":"yst_prominent_words","embeddable":true,"href":"https:\/\/wp.tendesign.si\/it\/wp-json\/wp\/v2\/yst_prominent_words?post=1159"}],"curies":[{"name":"wp","href":"https:\/\/api.w.org\/{rel}","templated":true}]}}