{"id":968,"date":"2019-02-20T19:06:38","date_gmt":"2016-09-17T17:06:38","guid":{"rendered":"https:\/\/wp.tendesign.si\/?product=uredaj-za-fugiranje-hoby-komplet-mlaznica&#038;lang=hr"},"modified":"2024-04-16T11:48:56","modified_gmt":"2024-04-16T09:48:56","slug":"uredaj-za-fugiranje-hoby-komplet-mlaznica","status":"publish","type":"product","link":"https:\/\/wp.tendesign.si\/hr\/trgovina\/uredaj-za-fugiranje\/uredaj-za-fugiranje-hoby-komplet-mlaznica\/","title":{"rendered":"Ure\u0111aj za fugiranje &#8211; Hoby + set mlaznica"},"content":{"rendered":"<p>Komponente:<\/p>\n<ul>\n<li>posuda od nehr\u0111aju\u0107eg \u010delika za \u017ebuku (H = 2-3 kutla\u010de)<\/li>\n<li>odvodna cijev od nehr\u0111aju\u0107eg \u010delika<\/li>\n<li>set plasti\u010dnih mlaznica (fi 8, fi 12, fi 14, fi 16, fi 18 i fi 20)<\/li>\n<li>pogonska i mije\u0161aju\u0107a spirala<\/li>\n<li>\u010dahura za brtvljenje le\u017eaja s brtvom o-prstena<\/li>\n<li>\u0161ipke protiv rotacije<\/li>\n<li>noga koja sprje\u010dava prevrtanje<\/li>\n<li>podstavljena izlazna cijev za dr\u017eanje<\/li>\n<\/ul>\n<p>Pogon elektri\u010dne bu\u0161ilice:<\/p>\n<ul>\n<li>preporu\u010dena minimalna snaga: 750-1000 W<\/li>\n<li>mora biti vodootporan!<\/li>\n<\/ul>\n<p>Pogon s baterijskom bu\u0161ilicom:<\/p>\n<ul>\n<li>preporu\u010dena ja\u010da verzija: od 14 do 24 V<\/li>\n<\/ul>\n<p>* Video prikazuje model Special koji se razlikuje samo po na\u010dinu pri\u010dvr\u0161\u0107ivanja elektri\u010dne bu\u0161ilice.<\/p>\n<p><iframe src=\"https:\/\/www.youtube.com\/embed\/mz9Gux7t7ZY?rel=0\" width=\"560\" height=\"315\" frameborder=\"0\" allowfullscreen=\"allowfullscreen\"><\/iframe><\/p>\n","protected":false},"excerpt":{"rendered":"<p>Hoby ure\u0111aj za fugiranje omogu\u0107uje jednostavno, brzo i precizno fugiranje. Spojite elektri\u010dnu bu\u0161ilicu na ure\u0111aj. Kada se bu\u0161ilica uklju\u010di, pu\u017enica se pokre\u0107e, \u0161to omogu\u0107uje ravnomjerno nano\u0161enje fugirne mase. \u0160ipke sprje\u010davaju iznenadno okretanje dr\u0161ke bu\u0161ilice. Komplet uklju\u010duje Hoby ure\u0111aj za fugiranje i set od \u0161est mlaznica.<\/p>\n<p>Ure\u0111aj za fugiranje &#8211; model Hoby + set mlaznica za precizno nano\u0161enje fug mase u fuge<\/p>\n<p>Na fotografiji je prikazan na\u010din pri\u010dvr\u0161\u0107ivanja bu\u0161ilice koja nije u na\u0161oj ponudi.<\/p>\n","protected":false},"featured_media":5752,"comment_status":"closed","ping_status":"closed","template":"","meta":[],"product_cat":[24],"product_tag":[1818,1817,1808,1814,1812],"yst_prominent_words":[],"_links":{"self":[{"href":"https:\/\/wp.tendesign.si\/hr\/wp-json\/wp\/v2\/product\/968"}],"collection":[{"href":"https:\/\/wp.tendesign.si\/hr\/wp-json\/wp\/v2\/product"}],"about":[{"href":"https:\/\/wp.tendesign.si\/hr\/wp-json\/wp\/v2\/types\/product"}],"replies":[{"embeddable":true,"href":"https:\/\/wp.tendesign.si\/hr\/wp-json\/wp\/v2\/comments?post=968"}],"wp:featuredmedia":[{"embeddable":true,"href":"https:\/\/wp.tendesign.si\/hr\/wp-json\/wp\/v2\/media\/5752"}],"wp:attachment":[{"href":"https:\/\/wp.tendesign.si\/hr\/wp-json\/wp\/v2\/media?parent=968"}],"wp:term":[{"taxonomy":"product_cat","embeddable":true,"href":"https:\/\/wp.tendesign.si\/hr\/wp-json\/wp\/v2\/product_cat?post=968"},{"taxonomy":"product_tag","embeddable":true,"href":"https:\/\/wp.tendesign.si\/hr\/wp-json\/wp\/v2\/product_tag?post=968"},{"taxonomy":"yst_prominent_words","embeddable":true,"href":"https:\/\/wp.tendesign.si\/hr\/wp-json\/wp\/v2\/yst_prominent_words?post=968"}],"curies":[{"name":"wp","href":"https:\/\/api.w.org\/{rel}","templated":true}]}}