{"id":963,"date":"2018-04-17T19:43:30","date_gmt":"2016-09-17T17:43:30","guid":{"rendered":"https:\/\/wp.tendesign.si\/?product=plasticna-mlaznica-s-inox-izlazom-2&#038;lang=hr"},"modified":"2024-04-24T07:30:18","modified_gmt":"2024-04-24T05:30:18","slug":"plasticna-mlaznica-s-inox-izlazom-2","status":"publish","type":"product","link":"https:\/\/wp.tendesign.si\/hr\/trgovina\/uredaj-za-fugiranje\/plasticna-mlaznica-s-inox-izlazom-2\/","title":{"rendered":"Plasti\u010dna mlaznica s izlazom od nehr\u0111aju\u0107eg \u010delika \u00d8 8 mm"},"content":{"rendered":"<p>Mo\u017eete birati izme\u0111u razli\u010ditih dimenzija i povoljnijih kompleta.<\/p>\n","protected":false},"excerpt":{"rendered":"<p>Plasti\u010dna mlaznica s izlazom od nehr\u0111aju\u0107eg \u010delika \u00d8 8 mm. Mlaznica je prikladna za sve modele ure\u0111aja za injektiranje.<\/p>\n","protected":false},"featured_media":3537,"comment_status":"closed","ping_status":"closed","template":"","meta":[],"product_cat":[24],"product_tag":[1798,1797],"yst_prominent_words":[],"_links":{"self":[{"href":"https:\/\/wp.tendesign.si\/hr\/wp-json\/wp\/v2\/product\/963"}],"collection":[{"href":"https:\/\/wp.tendesign.si\/hr\/wp-json\/wp\/v2\/product"}],"about":[{"href":"https:\/\/wp.tendesign.si\/hr\/wp-json\/wp\/v2\/types\/product"}],"replies":[{"embeddable":true,"href":"https:\/\/wp.tendesign.si\/hr\/wp-json\/wp\/v2\/comments?post=963"}],"wp:featuredmedia":[{"embeddable":true,"href":"https:\/\/wp.tendesign.si\/hr\/wp-json\/wp\/v2\/media\/3537"}],"wp:attachment":[{"href":"https:\/\/wp.tendesign.si\/hr\/wp-json\/wp\/v2\/media?parent=963"}],"wp:term":[{"taxonomy":"product_cat","embeddable":true,"href":"https:\/\/wp.tendesign.si\/hr\/wp-json\/wp\/v2\/product_cat?post=963"},{"taxonomy":"product_tag","embeddable":true,"href":"https:\/\/wp.tendesign.si\/hr\/wp-json\/wp\/v2\/product_tag?post=963"},{"taxonomy":"yst_prominent_words","embeddable":true,"href":"https:\/\/wp.tendesign.si\/hr\/wp-json\/wp\/v2\/yst_prominent_words?post=963"}],"curies":[{"name":"wp","href":"https:\/\/api.w.org\/{rel}","templated":true}]}}