{"id":959,"date":"2018-04-17T19:49:49","date_gmt":"2016-09-17T17:49:49","guid":{"rendered":"https:\/\/wp.tendesign.si\/?product=plasticna-mlaznica-s-inox-izlazom-komplet-3&#038;lang=hr"},"modified":"2024-04-16T11:56:25","modified_gmt":"2024-04-16T09:56:25","slug":"plasticna-mlaznica-s-inox-izlazom-komplet-1","status":"publish","type":"product","link":"https:\/\/wp.tendesign.si\/hr\/trgovina\/uredaj-za-fugiranje\/plasticna-mlaznica-s-inox-izlazom-komplet-1\/","title":{"rendered":"Set od 3 plasti\u010dne mlaznice s izlazom od nehr\u0111aju\u0107eg \u010delika &#8211; set 1"},"content":{"rendered":"<div id=\"tab-description\" class=\"tab-content\">\n<p>Uklju\u010dene dimenzije:<\/p>\n<ul>\n<li>1. set: unutarnji promjer mlaznica: \u00d8 8, 12 i 14 mm<\/li>\n<\/ul>\n<\/div>\n","protected":false},"excerpt":{"rendered":"<p>Set od 3 plasti\u010dne mlaznice s izlazom od nehr\u0111aju\u0107eg \u010delika. Mlaznice su prikladne za sve modele ure\u0111aja za injektiranje.<\/p>\n","protected":false},"featured_media":3513,"comment_status":"closed","ping_status":"closed","template":"","meta":[],"product_cat":[24],"product_tag":[1797,1808],"yst_prominent_words":[],"_links":{"self":[{"href":"https:\/\/wp.tendesign.si\/hr\/wp-json\/wp\/v2\/product\/959"}],"collection":[{"href":"https:\/\/wp.tendesign.si\/hr\/wp-json\/wp\/v2\/product"}],"about":[{"href":"https:\/\/wp.tendesign.si\/hr\/wp-json\/wp\/v2\/types\/product"}],"replies":[{"embeddable":true,"href":"https:\/\/wp.tendesign.si\/hr\/wp-json\/wp\/v2\/comments?post=959"}],"wp:featuredmedia":[{"embeddable":true,"href":"https:\/\/wp.tendesign.si\/hr\/wp-json\/wp\/v2\/media\/3513"}],"wp:attachment":[{"href":"https:\/\/wp.tendesign.si\/hr\/wp-json\/wp\/v2\/media?parent=959"}],"wp:term":[{"taxonomy":"product_cat","embeddable":true,"href":"https:\/\/wp.tendesign.si\/hr\/wp-json\/wp\/v2\/product_cat?post=959"},{"taxonomy":"product_tag","embeddable":true,"href":"https:\/\/wp.tendesign.si\/hr\/wp-json\/wp\/v2\/product_tag?post=959"},{"taxonomy":"yst_prominent_words","embeddable":true,"href":"https:\/\/wp.tendesign.si\/hr\/wp-json\/wp\/v2\/yst_prominent_words?post=959"}],"curies":[{"name":"wp","href":"https:\/\/api.w.org\/{rel}","templated":true}]}}