{"id":957,"date":"2018-07-18T19:53:10","date_gmt":"2016-09-17T17:53:10","guid":{"rendered":"https:\/\/wp.tendesign.si\/?product=plasticna-mlaznica-s-inox-izlazom&#038;lang=hr"},"modified":"2024-04-16T11:55:52","modified_gmt":"2024-04-16T09:55:52","slug":"plasticna-mlaznica-s-inox-izlazom","status":"publish","type":"product","link":"https:\/\/wp.tendesign.si\/hr\/trgovina\/uredaj-za-fugiranje\/plasticna-mlaznica-s-inox-izlazom\/","title":{"rendered":"Plasti\u010dna mlaznica s navojem od nehr\u0111aju\u0107eg \u010delika"},"content":{"rendered":"<div id=\"tab-description\" class=\"tab-content\">\n<p>Plasti\u010dna mlaznica s navojem od nehr\u0111aju\u0107eg \u010delika. Mlaznica je prikladna za sve modele ure\u0111aja za fugiranje (hoby, special i baterija). Izlaz mlaznice je plasti\u010dni koji re\u017eete olfa no\u017eem. Promjer izlaza ovisi o tome gdje ste izrezali izlaz mlaznice.<\/p>\n<p>Set sadr\u017ei:<\/p>\n<ul>\n<li>pet plasti\u010dnih mlaznica<\/li>\n<li>navoj od nehr\u0111aju\u0107eg \u010delika<\/li>\n<\/ul>\n<\/div>\n","protected":false},"excerpt":{"rendered":"<p>Plasti\u010dna mlaznica s navojem od nehr\u0111aju\u0107eg \u010delika. Mlaznica je prikladna za sve modele ure\u0111aja za fugiranje (hoby, special i baterija). Izlaz mlaznice je plasti\u010dni koji re\u017eete olfa no\u017eem. Promjer izlaza ovisi o tome gdje ste izrezali izlaz mlaznice. Set sadr\u017ei: pet plasti\u010dnih mlaznica navoj od nehr\u0111aju\u0107eg \u010delika<\/p>\n","protected":false},"featured_media":815,"comment_status":"closed","ping_status":"closed","template":"","meta":[],"product_cat":[24],"product_tag":[],"yst_prominent_words":[],"_links":{"self":[{"href":"https:\/\/wp.tendesign.si\/hr\/wp-json\/wp\/v2\/product\/957"}],"collection":[{"href":"https:\/\/wp.tendesign.si\/hr\/wp-json\/wp\/v2\/product"}],"about":[{"href":"https:\/\/wp.tendesign.si\/hr\/wp-json\/wp\/v2\/types\/product"}],"replies":[{"embeddable":true,"href":"https:\/\/wp.tendesign.si\/hr\/wp-json\/wp\/v2\/comments?post=957"}],"wp:featuredmedia":[{"embeddable":true,"href":"https:\/\/wp.tendesign.si\/hr\/wp-json\/wp\/v2\/media\/815"}],"wp:attachment":[{"href":"https:\/\/wp.tendesign.si\/hr\/wp-json\/wp\/v2\/media?parent=957"}],"wp:term":[{"taxonomy":"product_cat","embeddable":true,"href":"https:\/\/wp.tendesign.si\/hr\/wp-json\/wp\/v2\/product_cat?post=957"},{"taxonomy":"product_tag","embeddable":true,"href":"https:\/\/wp.tendesign.si\/hr\/wp-json\/wp\/v2\/product_tag?post=957"},{"taxonomy":"yst_prominent_words","embeddable":true,"href":"https:\/\/wp.tendesign.si\/hr\/wp-json\/wp\/v2\/yst_prominent_words?post=957"}],"curies":[{"name":"wp","href":"https:\/\/api.w.org\/{rel}","templated":true}]}}