{"id":938,"date":"2016-09-17T20:07:07","date_gmt":"2016-09-17T18:07:07","guid":{"rendered":"https:\/\/wp.tendesign.si\/?product=lopatica-za-fuge-macji-jezik-hoby&#038;lang=hr"},"modified":"2024-04-24T07:31:46","modified_gmt":"2024-04-24T05:31:46","slug":"lopatica-za-fuge-macji-jezik-hoby","status":"publish","type":"product","link":"https:\/\/wp.tendesign.si\/hr\/trgovina\/uredaj-za-fugiranje\/lopatica-za-fuge-macji-jezik-hoby\/","title":{"rendered":"Zagla\u0111iva\u010d fuga &#8211; Hoby ma\u010dji jezik"},"content":{"rendered":"<p>Hoby spojnica za ma\u010dji jezik. Izra\u0111en od nehr\u0111aju\u0107eg \u010delika i s lakiranom drvenom ru\u010dkom.<\/p>\n","protected":false},"excerpt":{"rendered":"<p>Hoby spojnica za ma\u010dji jezik. Izra\u0111en od nehr\u0111aju\u0107eg \u010delika i s lakiranom drvenom ru\u010dkom.<\/p>\n","protected":false},"featured_media":887,"comment_status":"closed","ping_status":"closed","template":"","meta":[],"product_cat":[24],"product_tag":[],"yst_prominent_words":[],"_links":{"self":[{"href":"https:\/\/wp.tendesign.si\/hr\/wp-json\/wp\/v2\/product\/938"}],"collection":[{"href":"https:\/\/wp.tendesign.si\/hr\/wp-json\/wp\/v2\/product"}],"about":[{"href":"https:\/\/wp.tendesign.si\/hr\/wp-json\/wp\/v2\/types\/product"}],"replies":[{"embeddable":true,"href":"https:\/\/wp.tendesign.si\/hr\/wp-json\/wp\/v2\/comments?post=938"}],"wp:featuredmedia":[{"embeddable":true,"href":"https:\/\/wp.tendesign.si\/hr\/wp-json\/wp\/v2\/media\/887"}],"wp:attachment":[{"href":"https:\/\/wp.tendesign.si\/hr\/wp-json\/wp\/v2\/media?parent=938"}],"wp:term":[{"taxonomy":"product_cat","embeddable":true,"href":"https:\/\/wp.tendesign.si\/hr\/wp-json\/wp\/v2\/product_cat?post=938"},{"taxonomy":"product_tag","embeddable":true,"href":"https:\/\/wp.tendesign.si\/hr\/wp-json\/wp\/v2\/product_tag?post=938"},{"taxonomy":"yst_prominent_words","embeddable":true,"href":"https:\/\/wp.tendesign.si\/hr\/wp-json\/wp\/v2\/yst_prominent_words?post=938"}],"curies":[{"name":"wp","href":"https:\/\/api.w.org\/{rel}","templated":true}]}}