{"id":6681,"date":"2016-09-17T18:25:59","date_gmt":"2024-04-24T05:33:12","guid":{"rendered":"https:\/\/wp.tendesign.si\/trgovina\/Bez kategorije\/noz-za-kruh-ausonia\/"},"modified":"2024-04-24T07:33:12","modified_gmt":"2024-04-24T05:33:12","slug":"noz-za-kruh-ausonia","status":"publish","type":"product","link":"https:\/\/wp.tendesign.si\/hr\/trgovina\/nozevi\/noz-za-kruh-ausonia\/","title":{"rendered":"No\u017e za kruh &#8211; Ausonia"},"content":{"rendered":"<p>No\u017e za kruh s drvenom dr\u0161kom, du\u017eina o\u0161trice 20 cm.<\/p>\n","protected":false},"excerpt":{"rendered":"<p>No\u017e za kruh s drvenom dr\u0161kom, du\u017eina o\u0161trice 20 cm.<\/p>\n","protected":false},"featured_media":127,"comment_status":"closed","ping_status":"closed","template":"","meta":[],"product_cat":[23],"product_tag":[2645,2055,2059],"yst_prominent_words":[],"_links":{"self":[{"href":"https:\/\/wp.tendesign.si\/hr\/wp-json\/wp\/v2\/product\/6681"}],"collection":[{"href":"https:\/\/wp.tendesign.si\/hr\/wp-json\/wp\/v2\/product"}],"about":[{"href":"https:\/\/wp.tendesign.si\/hr\/wp-json\/wp\/v2\/types\/product"}],"replies":[{"embeddable":true,"href":"https:\/\/wp.tendesign.si\/hr\/wp-json\/wp\/v2\/comments?post=6681"}],"wp:featuredmedia":[{"embeddable":true,"href":"https:\/\/wp.tendesign.si\/hr\/wp-json\/wp\/v2\/media\/127"}],"wp:attachment":[{"href":"https:\/\/wp.tendesign.si\/hr\/wp-json\/wp\/v2\/media?parent=6681"}],"wp:term":[{"taxonomy":"product_cat","embeddable":true,"href":"https:\/\/wp.tendesign.si\/hr\/wp-json\/wp\/v2\/product_cat?post=6681"},{"taxonomy":"product_tag","embeddable":true,"href":"https:\/\/wp.tendesign.si\/hr\/wp-json\/wp\/v2\/product_tag?post=6681"},{"taxonomy":"yst_prominent_words","embeddable":true,"href":"https:\/\/wp.tendesign.si\/hr\/wp-json\/wp\/v2\/yst_prominent_words?post=6681"}],"curies":[{"name":"wp","href":"https:\/\/api.w.org\/{rel}","templated":true}]}}