{"id":6639,"date":"2016-09-17T18:39:48","date_gmt":"2024-04-24T05:32:44","guid":{"rendered":"https:\/\/wp.tendesign.si\/trgovina\/Bez kategorije\/noz-za-salamu-brend-fame-masa\/"},"modified":"2024-04-24T07:32:44","modified_gmt":"2024-04-24T05:32:44","slug":"noz-za-salamu-brend-fame-masa","status":"publish","type":"product","link":"https:\/\/wp.tendesign.si\/hr\/trgovina\/nozevi\/noz-za-salamu-brend-fame-masa\/","title":{"rendered":"No\u017e za salamu &#8211; brend Fame masa"},"content":{"rendered":"<p>No\u017e za salamu &#8211; crna plasti\u010dna dr\u0161ka. Posebnost ru\u010dke je njen anatomski oblik. Du\u017eina o\u0161trice je 23 cm.<\/p>\n","protected":false},"excerpt":{"rendered":"<p>No\u017e za salamu &#8211; crna plasti\u010dna dr\u0161ka. Posebnost ru\u010dke je njen anatomski oblik. Du\u017eina o\u0161trice je 23 cm.<\/p>\n","protected":false},"featured_media":158,"comment_status":"closed","ping_status":"closed","template":"","meta":[],"product_cat":[23],"product_tag":[],"yst_prominent_words":[],"_links":{"self":[{"href":"https:\/\/wp.tendesign.si\/hr\/wp-json\/wp\/v2\/product\/6639"}],"collection":[{"href":"https:\/\/wp.tendesign.si\/hr\/wp-json\/wp\/v2\/product"}],"about":[{"href":"https:\/\/wp.tendesign.si\/hr\/wp-json\/wp\/v2\/types\/product"}],"replies":[{"embeddable":true,"href":"https:\/\/wp.tendesign.si\/hr\/wp-json\/wp\/v2\/comments?post=6639"}],"wp:featuredmedia":[{"embeddable":true,"href":"https:\/\/wp.tendesign.si\/hr\/wp-json\/wp\/v2\/media\/158"}],"wp:attachment":[{"href":"https:\/\/wp.tendesign.si\/hr\/wp-json\/wp\/v2\/media?parent=6639"}],"wp:term":[{"taxonomy":"product_cat","embeddable":true,"href":"https:\/\/wp.tendesign.si\/hr\/wp-json\/wp\/v2\/product_cat?post=6639"},{"taxonomy":"product_tag","embeddable":true,"href":"https:\/\/wp.tendesign.si\/hr\/wp-json\/wp\/v2\/product_tag?post=6639"},{"taxonomy":"yst_prominent_words","embeddable":true,"href":"https:\/\/wp.tendesign.si\/hr\/wp-json\/wp\/v2\/yst_prominent_words?post=6639"}],"curies":[{"name":"wp","href":"https:\/\/api.w.org\/{rel}","templated":true}]}}