{"id":6232,"date":"2020-07-30T19:32:54","date_gmt":"2024-04-16T09:48:22","guid":{"rendered":"https:\/\/wp.tendesign.si\/trgovina\/Bez kategorije\/noz-za-sir-edelweiss-pom\/"},"modified":"2024-04-16T11:48:22","modified_gmt":"2024-04-16T09:48:22","slug":"noz-za-sir-edelweiss-pom","status":"publish","type":"product","link":"https:\/\/wp.tendesign.si\/hr\/trgovina\/nozevi\/noz-za-sir-edelweiss-pom\/","title":{"rendered":"No\u017e za sir &#8211; Edelweiss pom"},"content":{"rendered":"<p>No\u017e za sir ima POM dr\u0161ku. Posebnost ru\u010dke je njen anatomski oblik.<\/p>\n","protected":false},"excerpt":{"rendered":"<p>No\u017e za sir ima POM dr\u0161ku. Posebnost ru\u010dke je njen anatomski oblik.<\/p>\n","protected":false},"featured_media":4881,"comment_status":"closed","ping_status":"closed","template":"","meta":[],"product_cat":[23],"product_tag":[2058,2055,2057,2672,2675],"yst_prominent_words":[],"_links":{"self":[{"href":"https:\/\/wp.tendesign.si\/hr\/wp-json\/wp\/v2\/product\/6232"}],"collection":[{"href":"https:\/\/wp.tendesign.si\/hr\/wp-json\/wp\/v2\/product"}],"about":[{"href":"https:\/\/wp.tendesign.si\/hr\/wp-json\/wp\/v2\/types\/product"}],"replies":[{"embeddable":true,"href":"https:\/\/wp.tendesign.si\/hr\/wp-json\/wp\/v2\/comments?post=6232"}],"wp:featuredmedia":[{"embeddable":true,"href":"https:\/\/wp.tendesign.si\/hr\/wp-json\/wp\/v2\/media\/4881"}],"wp:attachment":[{"href":"https:\/\/wp.tendesign.si\/hr\/wp-json\/wp\/v2\/media?parent=6232"}],"wp:term":[{"taxonomy":"product_cat","embeddable":true,"href":"https:\/\/wp.tendesign.si\/hr\/wp-json\/wp\/v2\/product_cat?post=6232"},{"taxonomy":"product_tag","embeddable":true,"href":"https:\/\/wp.tendesign.si\/hr\/wp-json\/wp\/v2\/product_tag?post=6232"},{"taxonomy":"yst_prominent_words","embeddable":true,"href":"https:\/\/wp.tendesign.si\/hr\/wp-json\/wp\/v2\/yst_prominent_words?post=6232"}],"curies":[{"name":"wp","href":"https:\/\/api.w.org\/{rel}","templated":true}]}}