{"id":6227,"date":"2020-07-31T17:21:12","date_gmt":"2024-04-16T09:48:14","guid":{"rendered":"https:\/\/wp.tendesign.si\/trgovina\/Bez%20kategorije\/noz-za-kruh-edelweiss-pom\/"},"modified":"2024-04-16T11:48:56","modified_gmt":"2024-04-16T09:48:56","slug":"noz-za-kruh-edelweiss-pom","status":"publish","type":"product","link":"https:\/\/wp.tendesign.si\/hr\/trgovina\/nozevi\/noz-za-kruh-edelweiss-pom\/","title":{"rendered":"No\u017e za kruh &#8211; Edelweiss pom"},"content":{"rendered":"<p>No\u017e za kruh ima dr\u0161ku od acetal kopolimera, potpuno netoksi\u010dnog materijala koji se mo\u017ee prati u perilici posu\u0111a.<\/p>\n","protected":false},"excerpt":{"rendered":"<p>No\u017e za kruh ima dr\u0161ku od acetal kopolimera, potpuno netoksi\u010dnog materijala koji se mo\u017ee prati u perilici posu\u0111a.<\/p>\n","protected":false},"featured_media":4867,"comment_status":"closed","ping_status":"closed","template":"","meta":[],"product_cat":[23],"product_tag":[2645,2055,2059,2057,2167],"yst_prominent_words":[],"_links":{"self":[{"href":"https:\/\/wp.tendesign.si\/hr\/wp-json\/wp\/v2\/product\/6227"}],"collection":[{"href":"https:\/\/wp.tendesign.si\/hr\/wp-json\/wp\/v2\/product"}],"about":[{"href":"https:\/\/wp.tendesign.si\/hr\/wp-json\/wp\/v2\/types\/product"}],"replies":[{"embeddable":true,"href":"https:\/\/wp.tendesign.si\/hr\/wp-json\/wp\/v2\/comments?post=6227"}],"wp:featuredmedia":[{"embeddable":true,"href":"https:\/\/wp.tendesign.si\/hr\/wp-json\/wp\/v2\/media\/4867"}],"wp:attachment":[{"href":"https:\/\/wp.tendesign.si\/hr\/wp-json\/wp\/v2\/media?parent=6227"}],"wp:term":[{"taxonomy":"product_cat","embeddable":true,"href":"https:\/\/wp.tendesign.si\/hr\/wp-json\/wp\/v2\/product_cat?post=6227"},{"taxonomy":"product_tag","embeddable":true,"href":"https:\/\/wp.tendesign.si\/hr\/wp-json\/wp\/v2\/product_tag?post=6227"},{"taxonomy":"yst_prominent_words","embeddable":true,"href":"https:\/\/wp.tendesign.si\/hr\/wp-json\/wp\/v2\/yst_prominent_words?post=6227"}],"curies":[{"name":"wp","href":"https:\/\/api.w.org\/{rel}","templated":true}]}}