{"id":5922,"date":"2020-07-31T20:39:59","date_gmt":"2024-04-16T08:47:09","guid":{"rendered":"https:\/\/wp.tendesign.si\/trgovina\/Bez kategorije\/set-kuhinjskih-nogu-edelweiss-eco\/"},"modified":"2024-04-16T10:47:09","modified_gmt":"2024-04-16T08:47:09","slug":"set-kuhinjskih-nogu-edelweiss-eco","status":"publish","type":"product","link":"https:\/\/wp.tendesign.si\/hr\/trgovina\/nozevi\/set-kuhinjskih-nogu-edelweiss-eco\/","title":{"rendered":"Set kuhinjskih nogu &#8211; Edelweiss ECO"},"content":{"rendered":"<p>Set kuhinjskih nogu sastoji se od \u0161est identi\u010dnih nogu s anatomskom plasti\u010dnom ru\u010dkom.<\/p>\n","protected":false},"excerpt":{"rendered":"<p>Set kuhinjskih nogu sastoji se od \u0161est identi\u010dnih nogu s anatomskom plasti\u010dnom ru\u010dkom.<\/p>\n","protected":false},"featured_media":4920,"comment_status":"closed","ping_status":"closed","template":"","meta":[],"product_cat":[23],"product_tag":[2055,2057,116,2191,2167,2174],"yst_prominent_words":[],"_links":{"self":[{"href":"https:\/\/wp.tendesign.si\/hr\/wp-json\/wp\/v2\/product\/5922"}],"collection":[{"href":"https:\/\/wp.tendesign.si\/hr\/wp-json\/wp\/v2\/product"}],"about":[{"href":"https:\/\/wp.tendesign.si\/hr\/wp-json\/wp\/v2\/types\/product"}],"replies":[{"embeddable":true,"href":"https:\/\/wp.tendesign.si\/hr\/wp-json\/wp\/v2\/comments?post=5922"}],"wp:featuredmedia":[{"embeddable":true,"href":"https:\/\/wp.tendesign.si\/hr\/wp-json\/wp\/v2\/media\/4920"}],"wp:attachment":[{"href":"https:\/\/wp.tendesign.si\/hr\/wp-json\/wp\/v2\/media?parent=5922"}],"wp:term":[{"taxonomy":"product_cat","embeddable":true,"href":"https:\/\/wp.tendesign.si\/hr\/wp-json\/wp\/v2\/product_cat?post=5922"},{"taxonomy":"product_tag","embeddable":true,"href":"https:\/\/wp.tendesign.si\/hr\/wp-json\/wp\/v2\/product_tag?post=5922"},{"taxonomy":"yst_prominent_words","embeddable":true,"href":"https:\/\/wp.tendesign.si\/hr\/wp-json\/wp\/v2\/yst_prominent_words?post=5922"}],"curies":[{"name":"wp","href":"https:\/\/api.w.org\/{rel}","templated":true}]}}