{"id":3595,"date":"2018-04-16T09:57:14","date_gmt":"2018-04-16T07:57:14","guid":{"rendered":"https:\/\/wp.tendesign.si\/izdelek\/set-od-3-plasticne-mlaznica-s-inox-izlazom-set-3\/"},"modified":"2024-04-24T07:30:49","modified_gmt":"2024-04-24T05:30:49","slug":"set-od-3-plasticne-mlaznica-s-inox-izlazom-set-3","status":"publish","type":"product","link":"https:\/\/wp.tendesign.si\/hr\/trgovina\/uredaj-za-fugiranje\/set-od-3-plasticne-mlaznica-s-inox-izlazom-set-3\/","title":{"rendered":"Set od 3 plasti\u010dne mlaznice s izlazom od nehr\u0111aju\u0107eg \u010delika &#8211; set od 3 komada"},"content":{"rendered":"<p>Uklju\u010dene dimenzije:<\/p>\n<ul>\n<li>3. set: unutarnji promjer mlaznica: \u00d8 8, 14 i 20 mm<\/li>\n<\/ul>\n","protected":false},"excerpt":{"rendered":"<p>Set od 3 plasti\u010dne mlaznice s izlazom od nehr\u0111aju\u0107eg \u010delika. Mlaznice su prikladne za sve modele ure\u0111aja za injektiranje.<\/p>\n","protected":false},"featured_media":3525,"comment_status":"closed","ping_status":"closed","template":"","meta":[],"product_cat":[24],"product_tag":[1797,1808],"yst_prominent_words":[],"_links":{"self":[{"href":"https:\/\/wp.tendesign.si\/hr\/wp-json\/wp\/v2\/product\/3595"}],"collection":[{"href":"https:\/\/wp.tendesign.si\/hr\/wp-json\/wp\/v2\/product"}],"about":[{"href":"https:\/\/wp.tendesign.si\/hr\/wp-json\/wp\/v2\/types\/product"}],"replies":[{"embeddable":true,"href":"https:\/\/wp.tendesign.si\/hr\/wp-json\/wp\/v2\/comments?post=3595"}],"wp:featuredmedia":[{"embeddable":true,"href":"https:\/\/wp.tendesign.si\/hr\/wp-json\/wp\/v2\/media\/3525"}],"wp:attachment":[{"href":"https:\/\/wp.tendesign.si\/hr\/wp-json\/wp\/v2\/media?parent=3595"}],"wp:term":[{"taxonomy":"product_cat","embeddable":true,"href":"https:\/\/wp.tendesign.si\/hr\/wp-json\/wp\/v2\/product_cat?post=3595"},{"taxonomy":"product_tag","embeddable":true,"href":"https:\/\/wp.tendesign.si\/hr\/wp-json\/wp\/v2\/product_tag?post=3595"},{"taxonomy":"yst_prominent_words","embeddable":true,"href":"https:\/\/wp.tendesign.si\/hr\/wp-json\/wp\/v2\/yst_prominent_words?post=3595"}],"curies":[{"name":"wp","href":"https:\/\/api.w.org\/{rel}","templated":true}]}}