{"id":3576,"date":"2018-04-16T10:19:46","date_gmt":"2018-04-16T08:19:46","guid":{"rendered":"https:\/\/wp.tendesign.si\/izdelek\/plasticna-mlaznica-s-inox-izlazom-o-16-mm\/"},"modified":"2024-04-24T07:30:44","modified_gmt":"2024-04-24T05:30:44","slug":"plasticna-mlaznica-s-inox-izlazom-o-16-mm","status":"publish","type":"product","link":"https:\/\/wp.tendesign.si\/hr\/trgovina\/uredaj-za-fugiranje\/plasticna-mlaznica-s-inox-izlazom-o-16-mm\/","title":{"rendered":"Plasti\u010dna mlaznica s izlazom od nehr\u0111aju\u0107eg \u010delika \u00d8 16 mm"},"content":{"rendered":"<p>Mo\u017eete birati izme\u0111u razli\u010ditih dimenzija i povoljnijih kompleta.<\/p>\n","protected":false},"excerpt":{"rendered":"<p>Plasti\u010dna mlaznica s izlazom od nehr\u0111aju\u0107eg \u010delika \u00d8 16 mm. Mlaznica je prikladna za sve modele ure\u0111aja za injektiranje.<\/p>\n","protected":false},"featured_media":3555,"comment_status":"closed","ping_status":"closed","template":"","meta":[],"product_cat":[24],"product_tag":[1798,1797],"yst_prominent_words":[],"_links":{"self":[{"href":"https:\/\/wp.tendesign.si\/hr\/wp-json\/wp\/v2\/product\/3576"}],"collection":[{"href":"https:\/\/wp.tendesign.si\/hr\/wp-json\/wp\/v2\/product"}],"about":[{"href":"https:\/\/wp.tendesign.si\/hr\/wp-json\/wp\/v2\/types\/product"}],"replies":[{"embeddable":true,"href":"https:\/\/wp.tendesign.si\/hr\/wp-json\/wp\/v2\/comments?post=3576"}],"wp:featuredmedia":[{"embeddable":true,"href":"https:\/\/wp.tendesign.si\/hr\/wp-json\/wp\/v2\/media\/3555"}],"wp:attachment":[{"href":"https:\/\/wp.tendesign.si\/hr\/wp-json\/wp\/v2\/media?parent=3576"}],"wp:term":[{"taxonomy":"product_cat","embeddable":true,"href":"https:\/\/wp.tendesign.si\/hr\/wp-json\/wp\/v2\/product_cat?post=3576"},{"taxonomy":"product_tag","embeddable":true,"href":"https:\/\/wp.tendesign.si\/hr\/wp-json\/wp\/v2\/product_tag?post=3576"},{"taxonomy":"yst_prominent_words","embeddable":true,"href":"https:\/\/wp.tendesign.si\/hr\/wp-json\/wp\/v2\/yst_prominent_words?post=3576"}],"curies":[{"name":"wp","href":"https:\/\/api.w.org\/{rel}","templated":true}]}}