{"id":2891,"date":"2018-12-20T22:17:51","date_gmt":"2017-09-19T20:17:53","guid":{"rendered":"https:\/\/wp.tendesign.si?post_type=product&#038;p=2891"},"modified":"2018-05-22T10:29:35","modified_gmt":"2018-05-22T08:29:35","slug":"uredaj-za-fugiranje-hoby-rezervni-dijelovi","status":"publish","type":"product","link":"https:\/\/wp.tendesign.si\/hr\/trgovina\/uredaj-za-fugiranje\/uredaj-za-fugiranje-hoby-rezervni-dijelovi\/","title":{"rendered":"Ure\u0111aj za fugiranje &#8211; Hoby + rezervni dijelovi"},"content":{"rendered":"<p>Sastavni dijelovi:<\/p>\n<ul>\n<li>inox posuda za fugirnu masu (V= 2-3 zidarske fangle)<\/li>\n<li>inox izlazna cijev<\/li>\n<li>plasti\u010dna mlaznica s inox izlazom \u00f810<\/li>\n<li>pogonska i mije\u0161alna spirala<\/li>\n<li>nepropusni klizni le\u017eaj s o-ring brtvilom<\/li>\n<li>palica koja sprje\u010dava okretanje pi\u0161tolja<\/li>\n<li>noga koja sprje\u010dava prevrtanje<\/li>\n<li>podstavljena izlazna cijev za dr\u017eanje<\/li>\n<li>rezervna pogonska spirala<\/li>\n<li>rezervni klizni le\u017eaj<\/li>\n<li>rezervni pjenasti sloj<\/li>\n<li>rezervni o-ring brtvilo<\/li>\n<\/ul>\n<p>Pogon s elektri\u010dnom bu\u0161ilicom:<\/p>\n<ul>\n<li>preporu\u010dljiva minimalna snaga: 750-1000 W<\/li>\n<li>obavezno vodootporna izvedba!<\/li>\n<\/ul>\n<p>* Na videozapisu je model Special koji se razlikuje samo u na\u010dinu povezivanja elektri\u010dne bu\u0161ilice.<\/p>\n<p><iframe src=\"https:\/\/www.youtube.com\/embed\/mz9Gux7t7ZY?rel=0\" width=\"560\" height=\"315\" frameborder=\"0\" allowfullscreen=\"allowfullscreen\" data-mce-fragment=\"1\"><\/iframe><\/p>\n","protected":false},"excerpt":{"rendered":"<p>Ure\u0111aj za fugiranje Hoby omogu\u0107ava jednostavno, brzo i precizno fugiranje. Ure\u0111aj priklju\u010dite na elektri\u010dnu bu\u0161ilicu. Uklju\u010denjem bu\u0161ilice pokre\u0107e se spiralni vijak koji omogu\u0107ava ravnomjeran nanos mase za fugiranje.\u00a0Palice sprje\u010davaju naglo okretanje ru\u010dke bu\u0161ilice.<\/p>\n<p>Komplet uklju\u010duje ure\u0111aj za fugiranje Hoby i rezervne dijelove.<\/p>\n<p>*Fotografija prikazuje na\u010din monta\u017ee bu\u0161ilice koja nije uklju\u010dena u ponudu.<\/p>\n","protected":false},"featured_media":3390,"comment_status":"closed","ping_status":"closed","template":"","meta":[],"product_cat":[24],"product_tag":[1816,1813,1815,1814,1812],"yst_prominent_words":[],"_links":{"self":[{"href":"https:\/\/wp.tendesign.si\/hr\/wp-json\/wp\/v2\/product\/2891"}],"collection":[{"href":"https:\/\/wp.tendesign.si\/hr\/wp-json\/wp\/v2\/product"}],"about":[{"href":"https:\/\/wp.tendesign.si\/hr\/wp-json\/wp\/v2\/types\/product"}],"replies":[{"embeddable":true,"href":"https:\/\/wp.tendesign.si\/hr\/wp-json\/wp\/v2\/comments?post=2891"}],"wp:featuredmedia":[{"embeddable":true,"href":"https:\/\/wp.tendesign.si\/hr\/wp-json\/wp\/v2\/media\/3390"}],"wp:attachment":[{"href":"https:\/\/wp.tendesign.si\/hr\/wp-json\/wp\/v2\/media?parent=2891"}],"wp:term":[{"taxonomy":"product_cat","embeddable":true,"href":"https:\/\/wp.tendesign.si\/hr\/wp-json\/wp\/v2\/product_cat?post=2891"},{"taxonomy":"product_tag","embeddable":true,"href":"https:\/\/wp.tendesign.si\/hr\/wp-json\/wp\/v2\/product_tag?post=2891"},{"taxonomy":"yst_prominent_words","embeddable":true,"href":"https:\/\/wp.tendesign.si\/hr\/wp-json\/wp\/v2\/yst_prominent_words?post=2891"}],"curies":[{"name":"wp","href":"https:\/\/api.w.org\/{rel}","templated":true}]}}