{"id":2879,"date":"2018-10-20T22:11:18","date_gmt":"2017-09-19T20:11:21","guid":{"rendered":"https:\/\/wp.tendesign.si?post_type=product&#038;p=2879"},"modified":"2024-04-16T11:55:01","modified_gmt":"2024-04-16T09:55:01","slug":"uredaj-za-fugiranje-hoby-kopija","status":"publish","type":"product","link":"https:\/\/wp.tendesign.si\/hr\/trgovina\/uredaj-za-fugiranje\/uredaj-za-fugiranje-hoby-kopija\/","title":{"rendered":"Ure\u0111aj za fugiranje &#8211; Hoby + INOX zidarska kutla\u010da + posuda"},"content":{"rendered":"<p>Komponente:<\/p>\n<ul>\n<li>posuda od nehr\u0111aju\u0107eg \u010delika za \u017ebuku (H = 2-3 kutla\u010de)<\/li>\n<li>odvodna cijev od nehr\u0111aju\u0107eg \u010delika<\/li>\n<li>plasti\u010dna mlaznica s izlazom od nehr\u0111aju\u0107eg \u010delika \u00f810<\/li>\n<li>pogonska i mije\u0161aju\u0107a spirala<\/li>\n<li>\u010dahura za brtvljenje le\u017eaja s brtvom o-prstena<\/li>\n<li>\u0161ipke protiv rotacije<\/li>\n<li>noga koja sprje\u010dava prevrtanje<\/li>\n<li>podstavljena izlazna cijev za dr\u017eanje<\/li>\n<li>INOX zidarska kutla\u010da<\/li>\n<li>plasti\u010dna posuda za \u017ebuku<\/li>\n<\/ul>\n<p>Pogon elektri\u010dne bu\u0161ilice:<\/p>\n<ul>\n<li>preporu\u010dena minimalna snaga: 750-1000 W<\/li>\n<li>mora biti vodootporan!<\/li>\n<\/ul>\n<p>Pogon s baterijskom bu\u0161ilicom:<\/p>\n<ul>\n<li>preporu\u010dena ja\u010da verzija: od 14 do 24 V<\/li>\n<\/ul>\n<p>* Video prikazuje model Special koji se razlikuje samo po na\u010dinu pri\u010dvr\u0161\u0107ivanja elektri\u010dne bu\u0161ilice.<\/p>\n","protected":false},"excerpt":{"rendered":"<p>Hoby ure\u0111aj za fugiranje omogu\u0107uje jednostavno, brzo i precizno fugiranje. Spojite elektri\u010dnu bu\u0161ilicu na ure\u0111aj. Kada se bu\u0161ilica uklju\u010di, pu\u017enica se pokre\u0107e, \u0161to omogu\u0107uje ravnomjerno nano\u0161enje fugirne mase. \u0160ipke sprje\u010davaju iznenadno okretanje dr\u0161ke bu\u0161ilice.<\/p>\n<p>Set uklju\u010duje Hoby spravu za fugiranje, INOX zidarsku lopaticu i plasti\u010dnu posudu za fugirnu masu.<\/p>\n<p>*Na fotografiji je prikazan na\u010din pri\u010dvr\u0161\u0107ivanja bu\u0161ilice koja nije u na\u0161oj ponudi.<\/p>\n","protected":false},"featured_media":3476,"comment_status":"closed","ping_status":"closed","template":"","meta":[],"product_cat":[24],"product_tag":[1813,114,1814,1812],"yst_prominent_words":[],"_links":{"self":[{"href":"https:\/\/wp.tendesign.si\/hr\/wp-json\/wp\/v2\/product\/2879"}],"collection":[{"href":"https:\/\/wp.tendesign.si\/hr\/wp-json\/wp\/v2\/product"}],"about":[{"href":"https:\/\/wp.tendesign.si\/hr\/wp-json\/wp\/v2\/types\/product"}],"replies":[{"embeddable":true,"href":"https:\/\/wp.tendesign.si\/hr\/wp-json\/wp\/v2\/comments?post=2879"}],"wp:featuredmedia":[{"embeddable":true,"href":"https:\/\/wp.tendesign.si\/hr\/wp-json\/wp\/v2\/media\/3476"}],"wp:attachment":[{"href":"https:\/\/wp.tendesign.si\/hr\/wp-json\/wp\/v2\/media?parent=2879"}],"wp:term":[{"taxonomy":"product_cat","embeddable":true,"href":"https:\/\/wp.tendesign.si\/hr\/wp-json\/wp\/v2\/product_cat?post=2879"},{"taxonomy":"product_tag","embeddable":true,"href":"https:\/\/wp.tendesign.si\/hr\/wp-json\/wp\/v2\/product_tag?post=2879"},{"taxonomy":"yst_prominent_words","embeddable":true,"href":"https:\/\/wp.tendesign.si\/hr\/wp-json\/wp\/v2\/yst_prominent_words?post=2879"}],"curies":[{"name":"wp","href":"https:\/\/api.w.org\/{rel}","templated":true}]}}