{"id":2831,"date":"2018-12-18T21:03:04","date_gmt":"2017-09-19T19:03:05","guid":{"rendered":"https:\/\/wp.tendesign.si?post_type=product&#038;p=2831"},"modified":"2024-04-16T11:54:28","modified_gmt":"2024-04-16T09:54:28","slug":"uredaj-za-fugiranje-special-rezervni-dijelovi","status":"publish","type":"product","link":"https:\/\/wp.tendesign.si\/hr\/trgovina\/uredaj-za-fugiranje\/uredaj-za-fugiranje-special-rezervni-dijelovi\/","title":{"rendered":"Ure\u0111aj za fugiranje &#8211; Special + rezervni dijelovi"},"content":{"rendered":"<p>Komponente:<\/p>\n<ul>\n<li>posuda od nehr\u0111aju\u0107eg \u010delika za \u017ebuku (H = 2-3 kutla\u010de)<\/li>\n<li>odvodna cijev od nehr\u0111aju\u0107eg \u010delika<\/li>\n<li>plasti\u010dna mlaznica s izlazom od nehr\u0111aju\u0107eg \u010delika \u00f810<\/li>\n<li>pogonska i mije\u0161aju\u0107a spirala<\/li>\n<li>\u010dahura za brtvljenje le\u017eaja s brtvom o-prstena<\/li>\n<li>stezaljka za pri\u010dvr\u0161\u0107ivanje bu\u0161ilice, koja je stegnuta na nastavku za ru\u010dku koja se mo\u017ee skinuti<\/li>\n<li>noga koja sprje\u010dava prevrtanje<\/li>\n<li>podstavljena izlazna cijev za dr\u017eanje<\/li>\n<li>rezervni potisni svitak<\/li>\n<li>\u010dahura rezervnog le\u017eaja<\/li>\n<li>rezervna obloga cijevi od pjene<\/li>\n<li>rezervne o-prstenove brtve<\/li>\n<\/ul>\n<p>Pogon elektri\u010dne bu\u0161ilice:<\/p>\n<ul>\n<li>preporu\u010dena minimalna snaga: 750-1000 W<\/li>\n<li>mora biti vodootporan!<\/li>\n<\/ul>\n<p><iframe src=\"https:\/\/www.youtube.com\/embed\/mz9Gux7t7ZY?rel=0\" width=\"560\" height=\"315\" frameborder=\"0\" allowfullscreen=\"allowfullscreen\"><\/iframe><\/p>\n","protected":false},"excerpt":{"rendered":"<p>Specijalni ure\u0111aj za fugiranje omogu\u0107uje jednostavno, brzo i precizno fugiranje. Spojite elektri\u010dnu bu\u0161ilicu na ure\u0111aj. Kada se bu\u0161ilica uklju\u010di, pu\u017enica se pokre\u0107e, \u0161to omogu\u0107uje ravnomjerno nano\u0161enje fugirne mase. Stezaljka omogu\u0107uje pri\u010dvr\u0161\u0107ivanje bu\u0161ilice na ure\u0111aj.<\/p>\n<p>Komplet sadr\u017ei Specijalni ure\u0111aj za fugiranje i rezervne dijelove.<\/p>\n<p>*Na fotografiji je prikazan na\u010din pri\u010dvr\u0161\u0107ivanja bu\u0161ilice koja nije u na\u0161oj ponudi.<\/p>\n","protected":false},"featured_media":3396,"comment_status":"closed","ping_status":"closed","template":"","meta":[],"product_cat":[24],"product_tag":[1819,1813,1815,1814,1812],"yst_prominent_words":[],"_links":{"self":[{"href":"https:\/\/wp.tendesign.si\/hr\/wp-json\/wp\/v2\/product\/2831"}],"collection":[{"href":"https:\/\/wp.tendesign.si\/hr\/wp-json\/wp\/v2\/product"}],"about":[{"href":"https:\/\/wp.tendesign.si\/hr\/wp-json\/wp\/v2\/types\/product"}],"replies":[{"embeddable":true,"href":"https:\/\/wp.tendesign.si\/hr\/wp-json\/wp\/v2\/comments?post=2831"}],"wp:featuredmedia":[{"embeddable":true,"href":"https:\/\/wp.tendesign.si\/hr\/wp-json\/wp\/v2\/media\/3396"}],"wp:attachment":[{"href":"https:\/\/wp.tendesign.si\/hr\/wp-json\/wp\/v2\/media?parent=2831"}],"wp:term":[{"taxonomy":"product_cat","embeddable":true,"href":"https:\/\/wp.tendesign.si\/hr\/wp-json\/wp\/v2\/product_cat?post=2831"},{"taxonomy":"product_tag","embeddable":true,"href":"https:\/\/wp.tendesign.si\/hr\/wp-json\/wp\/v2\/product_tag?post=2831"},{"taxonomy":"yst_prominent_words","embeddable":true,"href":"https:\/\/wp.tendesign.si\/hr\/wp-json\/wp\/v2\/yst_prominent_words?post=2831"}],"curies":[{"name":"wp","href":"https:\/\/api.w.org\/{rel}","templated":true}]}}