{"id":1156,"date":"2019-01-16T19:25:05","date_gmt":"2016-09-17T17:25:05","guid":{"rendered":"https:\/\/wp.tendesign.si\/?product=uredaj-za-fugiranje-battery-sprej-za-podmazivanje"},"modified":"2024-04-16T11:55:15","modified_gmt":"2024-04-16T09:55:15","slug":"uredaj-za-fugiranje-battery-sprej-za-podmazivanje","status":"publish","type":"product","link":"https:\/\/wp.tendesign.si\/hr\/trgovina\/uredaj-za-fugiranje\/uredaj-za-fugiranje-battery-sprej-za-podmazivanje\/","title":{"rendered":"Ure\u0111aj za fugiranje &#8211; Baterija + mazivo"},"content":{"rendered":"<p>Komponente:<\/p>\n<ul>\n<li>posuda od nehr\u0111aju\u0107eg \u010delika za \u017ebuku (H = 2-3 kutla\u010de)<\/li>\n<li>odvodna cijev od nehr\u0111aju\u0107eg \u010delika<\/li>\n<li>plasti\u010dna mlaznica s izlazom od nehr\u0111aju\u0107eg \u010delika \u00f810<\/li>\n<li>pogonska i mije\u0161aju\u0107a spirala<\/li>\n<li>\u010dahura za brtvljenje le\u017eaja s brtvom o-prstena<\/li>\n<li>stezaljka za pri\u010dvr\u0161\u0107ivanje bu\u0161ilice, koja je stegnuta na nastavku za ru\u010dku koja se mo\u017ee skinuti<\/li>\n<li>noga koja sprje\u010dava prevrtanje<\/li>\n<li>podstavljena izlazna cijev za dr\u017eanje<\/li>\n<\/ul>\n<p>Pogon s baterijskom bu\u0161ilicom:<\/p>\n<ul>\n<li>preporu\u010dena ja\u010da verzija: od 14 do 24 V<\/li>\n<li>mora biti vodootporan!<\/li>\n<\/ul>\n<p>Set uklju\u010duje baterijski ure\u0111aj za fugiranje i mazivo u spreju.<\/p>\n<p>* Video prikazuje model Special koji se razlikuje samo po na\u010dinu pri\u010dvr\u0161\u0107ivanja elektri\u010dne bu\u0161ilice.<\/p>\n<p><iframe src=\"https:\/\/www.youtube.com\/embed\/mz9Gux7t7ZY?rel=0\" width=\"560\" height=\"315\" frameborder=\"0\" allowfullscreen=\"allowfullscreen\"><\/iframe><\/p>\n","protected":false},"excerpt":{"rendered":"<p>Akumulatorski ure\u0111aj za fugiranje \u010dini fugiranje jo\u0161 lak\u0161im, prakti\u010dnijim, br\u017eim i preciznijim. Na ure\u0111aj spojite akumulatorsku bu\u0161ilicu koja je lak\u0161a i be\u017ei\u010dna. Kada je bu\u0161ilica uklju\u010dena, pokre\u0107e se pogonska spirala. Ravnomjerno doziranje i nano\u0161enje fugirne mase pode\u0161avate pritiskom na tipku na svrdlu. Posebnost ure\u0111aja je podesivi dr\u017ea\u010d svrdla na ure\u0111aju za injektiranje koji omogu\u0107uje brzo i jednostavno pode\u0161avanje polo\u017eaja ru\u010dke akumulatorske bu\u0161ilice. Nosa\u010d se mo\u017ee pri\u010dvrstiti u radijusu od 360\u00b0. Sva pri\u010dvr\u0161\u0107ivanja i pode\u0161avanja mogu se obaviti ru\u010dno bez upotrebe alata. Komplet sadr\u017ei baterijski ure\u0111aj za fugiranje i sprej za podmazivanje le\u017eajne \u010dahure i vratila.<\/p>\n<p>*Na fotografiji je prikazan na\u010din pri\u010dvr\u0161\u0107ivanja bu\u0161ilice koja nije u na\u0161oj ponudi.<\/p>\n","protected":false},"featured_media":3448,"comment_status":"closed","ping_status":"closed","template":"","meta":[],"product_cat":[24],"product_tag":[1818,1823,1817,1822,1812,1814],"yst_prominent_words":[],"_links":{"self":[{"href":"https:\/\/wp.tendesign.si\/hr\/wp-json\/wp\/v2\/product\/1156"}],"collection":[{"href":"https:\/\/wp.tendesign.si\/hr\/wp-json\/wp\/v2\/product"}],"about":[{"href":"https:\/\/wp.tendesign.si\/hr\/wp-json\/wp\/v2\/types\/product"}],"replies":[{"embeddable":true,"href":"https:\/\/wp.tendesign.si\/hr\/wp-json\/wp\/v2\/comments?post=1156"}],"wp:featuredmedia":[{"embeddable":true,"href":"https:\/\/wp.tendesign.si\/hr\/wp-json\/wp\/v2\/media\/3448"}],"wp:attachment":[{"href":"https:\/\/wp.tendesign.si\/hr\/wp-json\/wp\/v2\/media?parent=1156"}],"wp:term":[{"taxonomy":"product_cat","embeddable":true,"href":"https:\/\/wp.tendesign.si\/hr\/wp-json\/wp\/v2\/product_cat?post=1156"},{"taxonomy":"product_tag","embeddable":true,"href":"https:\/\/wp.tendesign.si\/hr\/wp-json\/wp\/v2\/product_tag?post=1156"},{"taxonomy":"yst_prominent_words","embeddable":true,"href":"https:\/\/wp.tendesign.si\/hr\/wp-json\/wp\/v2\/yst_prominent_words?post=1156"}],"curies":[{"name":"wp","href":"https:\/\/api.w.org\/{rel}","templated":true}]}}