{"id":6651,"date":"2016-09-17T18:43:31","date_gmt":"2024-04-24T05:32:46","guid":{"rendered":"https:\/\/wp.tendesign.si\/trgovina\/non class\u00e9\/support-de-distribution-de-vin\/"},"modified":"2024-04-24T07:32:46","modified_gmt":"2024-04-24T05:32:46","slug":"support-de-distribution-de-vin","status":"publish","type":"product","link":"https:\/\/wp.tendesign.si\/fr\/trgovina\/supports-de-distribution-de-vin\/support-de-distribution-de-vin\/","title":{"rendered":"Support de distribution de vin"},"content":{"rendered":"<p>Le tapis de remplissage des conteneurs est un accessoire pratique pour maintenir les petits conteneurs lors du remplissage \u00e0 partir d&#8217;un tonneau.<\/p>\n<p>L&#8217;utilisation pratique est assur\u00e9e par une base stable et une \u00e9tag\u00e8re de soutien facilement r\u00e9glable en hauteur. La base soulage la contrainte de tenir le r\u00e9cipient sous le robinet dans une position forc\u00e9e. Il suffit de saisir la tablette \u00e0 la main et de l&#8217;\u00e9lever \u00e0 la hauteur souhait\u00e9e. Lorsqu&#8217;elle est abaiss\u00e9e, elle reste \u00e0 cette hauteur gr\u00e2ce \u00e0 un syst\u00e8me de verrouillage automatique. Pour abaisser l&#8217;\u00e9tag\u00e8re, il suffit de la soulever l\u00e9g\u00e8rement \u00e0 l&#8217;avant et elle tombera le long du pilier de soutien jusqu&#8217;\u00e0 la base.<\/p>\n<p>Le sous-verre peut \u00e9galement \u00eatre offert en cadeau.<\/p>\n<p>Mat\u00e9riaux :<\/p>\n<ul>\n<li>l&#8217;\u00e9tag\u00e8re, le pilier et la base sont en acier inoxydable (INOX &#8211; bross\u00e9 ou (pour un cadeau) poli \u00e0 haute brillance) ;<\/li>\n<li>le socle peut \u00e9galement \u00eatre r\u00e9alis\u00e9 en pierre (pierre de karst ou granit), ou en bois (ch\u00eane massif) sur demande.<\/li>\n<\/ul>\n<p><iframe title=\"Stojalo za To\u010denje Vina TEN \/ Stojalo za polnjenje steklenic in butelk\" width=\"640\" height=\"360\" src=\"https:\/\/www.youtube.com\/embed\/sV1cRCWC8tM?feature=oembed\" frameborder=\"0\" allow=\"accelerometer; autoplay; clipboard-write; encrypted-media; gyroscope; picture-in-picture; web-share\" referrerpolicy=\"strict-origin-when-cross-origin\" allowfullscreen><\/iframe><\/p>\n<p>&nbsp;<\/p>\n","protected":false},"excerpt":{"rendered":"<p>Le socle ou. support pour soutenir et maintenir des r\u00e9cipients, des bouteilles, des flacons,&#8230; Il est destin\u00e9 aux viticulteurs, producteurs de lait, producteurs d&#8217;huile, apiculteurs, producteurs de jus et autres producteurs de liquides dans les industries cosm\u00e9tiques, chimiques et pharmaceutiques.<\/p>\n","protected":false},"featured_media":653,"comment_status":"closed","ping_status":"closed","template":"","meta":[],"product_cat":[2688],"product_tag":[],"yst_prominent_words":[],"_links":{"self":[{"href":"https:\/\/wp.tendesign.si\/fr\/wp-json\/wp\/v2\/product\/6651"}],"collection":[{"href":"https:\/\/wp.tendesign.si\/fr\/wp-json\/wp\/v2\/product"}],"about":[{"href":"https:\/\/wp.tendesign.si\/fr\/wp-json\/wp\/v2\/types\/product"}],"replies":[{"embeddable":true,"href":"https:\/\/wp.tendesign.si\/fr\/wp-json\/wp\/v2\/comments?post=6651"}],"wp:featuredmedia":[{"embeddable":true,"href":"https:\/\/wp.tendesign.si\/fr\/wp-json\/wp\/v2\/media\/653"}],"wp:attachment":[{"href":"https:\/\/wp.tendesign.si\/fr\/wp-json\/wp\/v2\/media?parent=6651"}],"wp:term":[{"taxonomy":"product_cat","embeddable":true,"href":"https:\/\/wp.tendesign.si\/fr\/wp-json\/wp\/v2\/product_cat?post=6651"},{"taxonomy":"product_tag","embeddable":true,"href":"https:\/\/wp.tendesign.si\/fr\/wp-json\/wp\/v2\/product_tag?post=6651"},{"taxonomy":"yst_prominent_words","embeddable":true,"href":"https:\/\/wp.tendesign.si\/fr\/wp-json\/wp\/v2\/yst_prominent_words?post=6651"}],"curies":[{"name":"wp","href":"https:\/\/api.w.org\/{rel}","templated":true}]}}