{"id":6286,"date":"2019-01-18T19:10:13","date_gmt":"2024-04-16T09:54:28","guid":{"rendered":"https:\/\/wp.tendesign.si\/trgovina\/non class\u00e9\/dispositif-dinjection-special-lubrifiant\/"},"modified":"2024-04-16T11:54:28","modified_gmt":"2024-04-16T09:54:28","slug":"dispositif-dinjection-special-lubrifiant","status":"publish","type":"product","link":"https:\/\/wp.tendesign.si\/fr\/trgovina\/dispositif-de-jointement\/dispositif-dinjection-special-lubrifiant\/","title":{"rendered":"Dispositif d&#8217;injection &#8211; Sp\u00e9cial + lubrifiant"},"content":{"rendered":"<p>Composants :<\/p>\n<ul>\n<li>bac \u00e0 coulis inox (H= 2-3 cuill\u00e8res de ma\u00e7on)<\/li>\n<li>tuyau de sortie en inox<\/li>\n<li>buse en plastique avec sortie inox \u00f810<\/li>\n<li>spirale d&#8217;entra\u00eenement et de m\u00e9lange<\/li>\n<li>manchon d&#8217;\u00e9tanch\u00e9it\u00e9 de roulement avec joint torique<\/li>\n<li>pince pour fixer la perceuse \u00e0 l&#8217;adaptateur de poign\u00e9e amovible<\/li>\n<li>jambe anti-bascule<\/li>\n<li>tuyau de sortie rembourr\u00e9 pour le maintien<\/li>\n<\/ul>\n<p>Aliment\u00e9 par une perceuse \u00e9lectrique :<\/p>\n<ul>\n<li style=\"list-style-type: none;\">\n<ul>\n<li>Puissance minimale recommand\u00e9e : 750-1000 W<\/li>\n<li>conception \u00e9tanche requise !<\/li>\n<\/ul>\n<\/li>\n<\/ul>\n<p>Dispositif sp\u00e9cial de jointoiement et lubrifiant en spray inclus.<\/p>\n<p>* Le mod\u00e8le pr\u00e9sent\u00e9 dans la vid\u00e9o est le mod\u00e8le sp\u00e9cial, qui ne diff\u00e8re que par le mode de fixation de la perceuse.<\/p>\n<p><iframe src=\"https:\/\/www.youtube.com\/embed\/mz9Gux7t7ZY?rel=0\" width=\"560\" height=\"315\" frameborder=\"0\" allowfullscreen=\"allowfullscreen\"><\/iframe><\/p>\n","protected":false},"excerpt":{"rendered":"<p>La machine \u00e0 injecter sp\u00e9ciale rend l&#8217;injection facile, rapide et pr\u00e9cise. Connecter une perceuse \u00e9lectrique \u00e0 l&#8217;appareil. Lorsque la foreuse est mise en marche, la vis sans fin est activ\u00e9e, ce qui permet d&#8217;appliquer le coulis de mani\u00e8re uniforme. La pince permet de fixer la perceuse \u00e0 l&#8217;appareil. Le kit comprend un dispositif de jointoiement sp\u00e9cial et un spray pour lubrifier le manchon de roulement et le logement de l&#8217;essieu.<\/p>\n<p>La photo montre la fixation d&#8217;une perceuse qui ne fait pas partie de notre offre.<\/p>\n","protected":false},"featured_media":3426,"comment_status":"closed","ping_status":"closed","template":"","meta":[],"product_cat":[1805],"product_tag":[2588,2762,2703,2764,2706,2766],"yst_prominent_words":[],"_links":{"self":[{"href":"https:\/\/wp.tendesign.si\/fr\/wp-json\/wp\/v2\/product\/6286"}],"collection":[{"href":"https:\/\/wp.tendesign.si\/fr\/wp-json\/wp\/v2\/product"}],"about":[{"href":"https:\/\/wp.tendesign.si\/fr\/wp-json\/wp\/v2\/types\/product"}],"replies":[{"embeddable":true,"href":"https:\/\/wp.tendesign.si\/fr\/wp-json\/wp\/v2\/comments?post=6286"}],"wp:featuredmedia":[{"embeddable":true,"href":"https:\/\/wp.tendesign.si\/fr\/wp-json\/wp\/v2\/media\/3426"}],"wp:attachment":[{"href":"https:\/\/wp.tendesign.si\/fr\/wp-json\/wp\/v2\/media?parent=6286"}],"wp:term":[{"taxonomy":"product_cat","embeddable":true,"href":"https:\/\/wp.tendesign.si\/fr\/wp-json\/wp\/v2\/product_cat?post=6286"},{"taxonomy":"product_tag","embeddable":true,"href":"https:\/\/wp.tendesign.si\/fr\/wp-json\/wp\/v2\/product_tag?post=6286"},{"taxonomy":"yst_prominent_words","embeddable":true,"href":"https:\/\/wp.tendesign.si\/fr\/wp-json\/wp\/v2\/yst_prominent_words?post=6286"}],"curies":[{"name":"wp","href":"https:\/\/api.w.org\/{rel}","templated":true}]}}