{"id":6221,"date":"2020-07-30T19:19:40","date_gmt":"2024-04-16T09:48:06","guid":{"rendered":"https:\/\/wp.tendesign.si\/trgovina\/non%20class\u00e9\/couteau-a-salami-edelweiss-pom\/"},"modified":"2024-04-16T11:49:37","modified_gmt":"2024-04-16T09:49:37","slug":"couteau-a-salami-edelweiss-pom","status":"publish","type":"product","link":"https:\/\/wp.tendesign.si\/fr\/trgovina\/couteaux\/couteau-a-salami-edelweiss-pom\/","title":{"rendered":"Couteau \u00e0 salami &#8211; Edelweiss pom"},"content":{"rendered":"<p>Le couteau \u00e0 salami est dot\u00e9 d&#8217;un manche en copolym\u00e8re d&#8217;ac\u00e9tal, un mat\u00e9riau totalement non toxique et lavable au lave-vaisselle. La longueur de la lame est de 24 cm.<\/p>\n","protected":false},"excerpt":{"rendered":"<p>Le couteau \u00e0 salami est dot\u00e9 d&#8217;un manche en copolym\u00e8re d&#8217;ac\u00e9tal, un mat\u00e9riau totalement non toxique et lavable au lave-vaisselle. La longueur de la lame est de 24 cm.<\/p>\n","protected":false},"featured_media":4843,"comment_status":"closed","ping_status":"closed","template":"","meta":[],"product_cat":[2121],"product_tag":[2122,2647,2650,2613,2651,2643],"yst_prominent_words":[],"_links":{"self":[{"href":"https:\/\/wp.tendesign.si\/fr\/wp-json\/wp\/v2\/product\/6221"}],"collection":[{"href":"https:\/\/wp.tendesign.si\/fr\/wp-json\/wp\/v2\/product"}],"about":[{"href":"https:\/\/wp.tendesign.si\/fr\/wp-json\/wp\/v2\/types\/product"}],"replies":[{"embeddable":true,"href":"https:\/\/wp.tendesign.si\/fr\/wp-json\/wp\/v2\/comments?post=6221"}],"wp:featuredmedia":[{"embeddable":true,"href":"https:\/\/wp.tendesign.si\/fr\/wp-json\/wp\/v2\/media\/4843"}],"wp:attachment":[{"href":"https:\/\/wp.tendesign.si\/fr\/wp-json\/wp\/v2\/media?parent=6221"}],"wp:term":[{"taxonomy":"product_cat","embeddable":true,"href":"https:\/\/wp.tendesign.si\/fr\/wp-json\/wp\/v2\/product_cat?post=6221"},{"taxonomy":"product_tag","embeddable":true,"href":"https:\/\/wp.tendesign.si\/fr\/wp-json\/wp\/v2\/product_tag?post=6221"},{"taxonomy":"yst_prominent_words","embeddable":true,"href":"https:\/\/wp.tendesign.si\/fr\/wp-json\/wp\/v2\/yst_prominent_words?post=6221"}],"curies":[{"name":"wp","href":"https:\/\/api.w.org\/{rel}","templated":true}]}}