{"id":6217,"date":"2020-07-31T19:52:26","date_gmt":"2024-04-16T09:48:01","guid":{"rendered":"https:\/\/wp.tendesign.si\/trgovina\/non class\u00e9\/couteau-de-cuisine-edelweiss-pom\/"},"modified":"2024-04-16T11:48:01","modified_gmt":"2024-04-16T09:48:01","slug":"couteau-de-cuisine-edelweiss-pom","status":"publish","type":"product","link":"https:\/\/wp.tendesign.si\/fr\/trgovina\/couteaux\/couteau-de-cuisine-edelweiss-pom\/","title":{"rendered":"Couteau de cuisine &#8211; Edelweiss POM"},"content":{"rendered":"<p>Le couteau de cuisine est dot\u00e9 d&#8217;un manche en copolym\u00e8re d&#8217;ac\u00e9tal, un mat\u00e9riau totalement non toxique et lavable au lave-vaisselle. La longueur de la lame est de 25 cm.<\/p>\n","protected":false},"excerpt":{"rendered":"<p>Le couteau de cuisine est dot\u00e9 d&#8217;un manche en copolym\u00e8re d&#8217;ac\u00e9tal, un mat\u00e9riau totalement non toxique et lavable au lave-vaisselle. La longueur de la lame est de 25 cm.<\/p>\n","protected":false},"featured_media":4914,"comment_status":"closed","ping_status":"closed","template":"","meta":[],"product_cat":[2121],"product_tag":[2122,2197,2613,2641,2200],"yst_prominent_words":[],"_links":{"self":[{"href":"https:\/\/wp.tendesign.si\/fr\/wp-json\/wp\/v2\/product\/6217"}],"collection":[{"href":"https:\/\/wp.tendesign.si\/fr\/wp-json\/wp\/v2\/product"}],"about":[{"href":"https:\/\/wp.tendesign.si\/fr\/wp-json\/wp\/v2\/types\/product"}],"replies":[{"embeddable":true,"href":"https:\/\/wp.tendesign.si\/fr\/wp-json\/wp\/v2\/comments?post=6217"}],"wp:featuredmedia":[{"embeddable":true,"href":"https:\/\/wp.tendesign.si\/fr\/wp-json\/wp\/v2\/media\/4914"}],"wp:attachment":[{"href":"https:\/\/wp.tendesign.si\/fr\/wp-json\/wp\/v2\/media?parent=6217"}],"wp:term":[{"taxonomy":"product_cat","embeddable":true,"href":"https:\/\/wp.tendesign.si\/fr\/wp-json\/wp\/v2\/product_cat?post=6217"},{"taxonomy":"product_tag","embeddable":true,"href":"https:\/\/wp.tendesign.si\/fr\/wp-json\/wp\/v2\/product_tag?post=6217"},{"taxonomy":"yst_prominent_words","embeddable":true,"href":"https:\/\/wp.tendesign.si\/fr\/wp-json\/wp\/v2\/yst_prominent_words?post=6217"}],"curies":[{"name":"wp","href":"https:\/\/api.w.org\/{rel}","templated":true}]}}