{"id":6186,"date":"2016-04-19T19:29:03","date_gmt":"2024-04-16T09:16:07","guid":{"rendered":"https:\/\/wp.tendesign.si\/trgovina\/non class\u00e9\/porte-jambon-rectangulaire-granit-brillant\/"},"modified":"2024-04-16T11:16:07","modified_gmt":"2024-04-16T09:16:07","slug":"porte-jambon-rectangulaire-granit-brillant","status":"publish","type":"product","link":"https:\/\/wp.tendesign.si\/fr\/trgovina\/supports-a-jambon\/porte-jambon-rectangulaire-granit-brillant\/","title":{"rendered":"Porte-jambon &#8211; Rectangulaire Granit Brillant"},"content":{"rendered":"<p>Caract\u00e9ristiques du mod\u00e8le Rectangular Granite Gloss :<\/p>\n<p>Socle : en granit &#8211; 30 mm d&#8217;\u00e9paisseur, ce qui lui donne du poids et donc de la rigidit\u00e9 et de la stabilit\u00e9 lors de la coupe<\/p>\n<p>Partie m\u00e9tallique : acier inoxydable (Inox), poli brillant<\/p>\n<p>Le granit offre une plus grande r\u00e9sistance au matelas, tant en cas d&#8217;endommagement de la surface qu&#8217;en cas de rupture.<\/p>\n<p>* La couleur et le motif du granit peuvent varier par rapport au mod\u00e8le illustr\u00e9.<\/p>\n<p><iframe src=\"\/\/www.youtube.com\/embed\/AyQbXFVYB-k\" width=\"560\" height=\"315\" frameborder=\"0\" allowfullscreen=\"allowfullscreen\"><\/iframe><\/p>\n","protected":false},"excerpt":{"rendered":"<p>Conception unique et innovante de la pince de serrage en acier inoxydable avec un design sp\u00e9cial \u00e0 16 dents.<\/p>\n<p>Le m\u00e9canisme progressif rend le serrage pratique et assure une prise solide et ferme.<\/p>\n<h5><strong>Le mod\u00e8le &#8220;brillant&#8221; de l&#8217;\u00e9tag\u00e8re \u00e0 jambon diff\u00e8re des mod\u00e8les ordinaires<\/strong> par la partie m\u00e9tallique qui, dans les deux cas, est en acier inoxydable poli, sauf que, dans le mod\u00e8le brillant, elle est en outre polie jusqu&#8217;\u00e0 un haut degr\u00e9 de brillance et que les goupilles de finition sont INOX &#8211; polies au lieu d&#8217;\u00eatre en plastique noir !<\/h5>\n","protected":false},"featured_media":4147,"comment_status":"closed","ping_status":"closed","template":"","meta":[],"product_cat":[2060],"product_tag":[2327,2393,2487,2124,2378,2484,2485,2481,2384,2064,2330,2317,2063,2318,2363,2482,2479,2306,2314,2461,2087,2309,2388,2341,2391,2386,2302,2299,2489],"yst_prominent_words":[],"_links":{"self":[{"href":"https:\/\/wp.tendesign.si\/fr\/wp-json\/wp\/v2\/product\/6186"}],"collection":[{"href":"https:\/\/wp.tendesign.si\/fr\/wp-json\/wp\/v2\/product"}],"about":[{"href":"https:\/\/wp.tendesign.si\/fr\/wp-json\/wp\/v2\/types\/product"}],"replies":[{"embeddable":true,"href":"https:\/\/wp.tendesign.si\/fr\/wp-json\/wp\/v2\/comments?post=6186"}],"wp:featuredmedia":[{"embeddable":true,"href":"https:\/\/wp.tendesign.si\/fr\/wp-json\/wp\/v2\/media\/4147"}],"wp:attachment":[{"href":"https:\/\/wp.tendesign.si\/fr\/wp-json\/wp\/v2\/media?parent=6186"}],"wp:term":[{"taxonomy":"product_cat","embeddable":true,"href":"https:\/\/wp.tendesign.si\/fr\/wp-json\/wp\/v2\/product_cat?post=6186"},{"taxonomy":"product_tag","embeddable":true,"href":"https:\/\/wp.tendesign.si\/fr\/wp-json\/wp\/v2\/product_tag?post=6186"},{"taxonomy":"yst_prominent_words","embeddable":true,"href":"https:\/\/wp.tendesign.si\/fr\/wp-json\/wp\/v2\/yst_prominent_words?post=6186"}],"curies":[{"name":"wp","href":"https:\/\/api.w.org\/{rel}","templated":true}]}}