{"id":6111,"date":"2015-12-15T16:33:40","date_gmt":"2024-04-16T09:02:40","guid":{"rendered":"https:\/\/wp.tendesign.si\/trgovina\/non%20class\u00e9\/porte-jambon-feta-granit-multicolore-brillant\/"},"modified":"2024-04-16T11:24:44","modified_gmt":"2024-04-16T09:24:44","slug":"porte-jambon-feta-granit-multicolore-brillant","status":"publish","type":"product","link":"https:\/\/wp.tendesign.si\/fr\/trgovina\/supports-a-jambon\/porte-jambon-feta-granit-multicolore-brillant\/","title":{"rendered":"Porte-jambon &#8211; Feta granit Multicolore brillant"},"content":{"rendered":"<p>Caract\u00e9ristiques du mod\u00e8le <strong>Feta Multicolore Gloss<\/strong>:<\/p>\n<p><strong>Socle :<\/strong> granit poli en forme de f\u00e9tu &#8211; multicolore, 30 mm d&#8217;\u00e9paisseur. Cela lui donne du poids, et donc de la rigidit\u00e9 et de la stabilit\u00e9 pendant la coupe. (la couleur du granit peut varier l\u00e9g\u00e8rement de celle montr\u00e9e sur la photo)<\/p>\n<p><strong>Partie m\u00e9tallique<\/strong>: acier inoxydable (Inox), poli \u00e0 <strong>haute brillance<\/strong>.<\/p>\n<ul>\n<li>Le granit offre une plus grande r\u00e9sistance au matelas, tant en cas d&#8217;endommagement de la surface qu&#8217;en cas de rupture.<\/li>\n<li><strong><a href=\"https:\/\/wp.tendesign.si\/fr\/kategorija-izdelka\/couteaux\/\">Ici, vous pouvez choisir votre propre couteau \u00e0 jambon ou votre propre set de couteaux.<\/a><\/strong><\/li>\n<\/ul>\n<p>&nbsp;<\/p>\n<p>*La couleur et le motif du granit peuvent varier l\u00e9g\u00e8rement par rapport au mod\u00e8le illustr\u00e9.<\/p>\n<p>&nbsp;<\/p>\n","protected":false},"excerpt":{"rendered":"<p>NOUVEAU !<\/p>\n<p>Conception unique et innovante de la pince de serrage en acier inoxydable avec un design sp\u00e9cial \u00e0 16 dents.<br \/>\nLe m\u00e9canisme progressif rend le serrage pratique et assure une prise solide et ferme.<\/p>\n<p>Le stand conserve une touche de tradition et de classicisme, tout en incorporant des formes modernes et des solutions pratiques, tant sur la partie m\u00e9tallique que sur la base.<\/p>\n<p>La forme de la base est un compromis entre la stabilit\u00e9, la praticit\u00e9 et le prix, tandis que la rondeur lui conf\u00e8re un aspect contemporain, moderne et accrocheur.<\/p>\n","protected":false},"featured_media":4501,"comment_status":"closed","ping_status":"closed","template":"","meta":[],"product_cat":[2060],"product_tag":[2124,2064,2330,2317,2318,2063,2363,2306,2087,2309,2341,2302,2299],"yst_prominent_words":[],"_links":{"self":[{"href":"https:\/\/wp.tendesign.si\/fr\/wp-json\/wp\/v2\/product\/6111"}],"collection":[{"href":"https:\/\/wp.tendesign.si\/fr\/wp-json\/wp\/v2\/product"}],"about":[{"href":"https:\/\/wp.tendesign.si\/fr\/wp-json\/wp\/v2\/types\/product"}],"replies":[{"embeddable":true,"href":"https:\/\/wp.tendesign.si\/fr\/wp-json\/wp\/v2\/comments?post=6111"}],"wp:featuredmedia":[{"embeddable":true,"href":"https:\/\/wp.tendesign.si\/fr\/wp-json\/wp\/v2\/media\/4501"}],"wp:attachment":[{"href":"https:\/\/wp.tendesign.si\/fr\/wp-json\/wp\/v2\/media?parent=6111"}],"wp:term":[{"taxonomy":"product_cat","embeddable":true,"href":"https:\/\/wp.tendesign.si\/fr\/wp-json\/wp\/v2\/product_cat?post=6111"},{"taxonomy":"product_tag","embeddable":true,"href":"https:\/\/wp.tendesign.si\/fr\/wp-json\/wp\/v2\/product_tag?post=6111"},{"taxonomy":"yst_prominent_words","embeddable":true,"href":"https:\/\/wp.tendesign.si\/fr\/wp-json\/wp\/v2\/yst_prominent_words?post=6111"}],"curies":[{"name":"wp","href":"https:\/\/api.w.org\/{rel}","templated":true}]}}