{"id":5962,"date":"2020-12-11T22:14:09","date_gmt":"2024-04-16T08:48:18","guid":{"rendered":"https:\/\/wp.tendesign.si\/trgovina\/non class\u00e9\/ham-stand-ham-ladies-dreams\/"},"modified":"2024-04-16T10:48:18","modified_gmt":"2024-04-16T08:48:18","slug":"ham-stand-ham-ladies-dreams","status":"publish","type":"product","link":"https:\/\/wp.tendesign.si\/fr\/trgovina\/supports-a-jambon\/ham-stand-ham-ladies-dreams\/","title":{"rendered":"Ham Stand &#8211; Ham Ladies Dreams"},"content":{"rendered":"<p>Caract\u00e9ristiques du mod\u00e8le <strong>Ham Ladies Dreams<\/strong>:<\/p>\n<ul>\n<li><strong>Base<\/strong>: granit poli en forme de jambon &#8211; 30 mm d&#8217;\u00e9paisseur. Cela lui donne du poids et donc de la rigidit\u00e9 et de la stabilit\u00e9 pendant la coupe.<\/li>\n<li><strong>Partie m\u00e9tallique :<\/strong> acier inoxydable (Inox), poli<\/li>\n<li>Le granit offre une plus grande r\u00e9sistance au matelas, tant en cas d&#8217;endommagement de la surface qu&#8217;en cas de rupture.<\/li>\n<li>Les supports en forme de jambon sont dot\u00e9s de pendentifs INOX qui peuvent \u00eatre accroch\u00e9s au mur en guise de d\u00e9coration ou de rangement.<\/li>\n<\/ul>\n<p>* La couleur et le motif du granit peuvent varier par rapport au mod\u00e8le illustr\u00e9.<\/p>\n","protected":false},"excerpt":{"rendered":"<p>Caract\u00e9ristiques du mod\u00e8le Ham Ladies Dreams: Base: granit poli en forme de jambon &#8211; 30 mm d&#8217;\u00e9paisseur. Cela lui donne du poids et donc de la rigidit\u00e9 et de la stabilit\u00e9 pendant la coupe. Partie m\u00e9tallique : acier inoxydable (Inox), poli Le granit offre une plus grande r\u00e9sistance au matelas, tant en cas d&#8217;endommagement de&#8230;<\/p>\n","protected":false},"featured_media":5168,"comment_status":"closed","ping_status":"closed","template":"","meta":[],"product_cat":[2060],"product_tag":[2064,2063,2087,2251,2068],"yst_prominent_words":[],"_links":{"self":[{"href":"https:\/\/wp.tendesign.si\/fr\/wp-json\/wp\/v2\/product\/5962"}],"collection":[{"href":"https:\/\/wp.tendesign.si\/fr\/wp-json\/wp\/v2\/product"}],"about":[{"href":"https:\/\/wp.tendesign.si\/fr\/wp-json\/wp\/v2\/types\/product"}],"replies":[{"embeddable":true,"href":"https:\/\/wp.tendesign.si\/fr\/wp-json\/wp\/v2\/comments?post=5962"}],"wp:featuredmedia":[{"embeddable":true,"href":"https:\/\/wp.tendesign.si\/fr\/wp-json\/wp\/v2\/media\/5168"}],"wp:attachment":[{"href":"https:\/\/wp.tendesign.si\/fr\/wp-json\/wp\/v2\/media?parent=5962"}],"wp:term":[{"taxonomy":"product_cat","embeddable":true,"href":"https:\/\/wp.tendesign.si\/fr\/wp-json\/wp\/v2\/product_cat?post=5962"},{"taxonomy":"product_tag","embeddable":true,"href":"https:\/\/wp.tendesign.si\/fr\/wp-json\/wp\/v2\/product_tag?post=5962"},{"taxonomy":"yst_prominent_words","embeddable":true,"href":"https:\/\/wp.tendesign.si\/fr\/wp-json\/wp\/v2\/yst_prominent_words?post=5962"}],"curies":[{"name":"wp","href":"https:\/\/api.w.org\/{rel}","templated":true}]}}