{"id":5894,"date":"2020-12-11T19:06:07","date_gmt":"2024-04-16T08:46:10","guid":{"rendered":"https:\/\/wp.tendesign.si\/trgovina\/non class\u00e9\/porte-jambon-jambon-olive-verte-sijaj\/"},"modified":"2024-04-16T10:46:10","modified_gmt":"2024-04-16T08:46:10","slug":"porte-jambon-jambon-olive-verte-sijaj","status":"publish","type":"product","link":"https:\/\/wp.tendesign.si\/fr\/trgovina\/supports-a-jambon\/porte-jambon-jambon-olive-verte-sijaj\/","title":{"rendered":"Porte-jambon &#8211; Jambon olive verte &#8211; Sijaj"},"content":{"rendered":"<p>Caract\u00e9ristiques du mod\u00e8le <strong>Verde olive <\/strong>gloss :<\/p>\n<ul>\n<li><strong>Base :<\/strong> en granit olive Verde prestigieux et poli, en forme de jambon, d&#8217;une \u00e9paisseur de 30 mm, ce qui lui donne du poids et donc de la rigidit\u00e9 et de la stabilit\u00e9 lors de la coupe.<\/li>\n<li><strong>Partie m\u00e9tallique :<\/strong> acier inoxydable (Inox), poli \u00e0 haute brillance<\/li>\n<li>Le granit offre une plus grande r\u00e9sistance au matelas, tant en cas de d\u00e9t\u00e9rioration de la surface qu&#8217;en cas de rupture.<\/li>\n<li>Les supports en forme de jambon sont dot\u00e9s de pendentifs INOX, qui peuvent \u00eatre accroch\u00e9s au mur en guise de d\u00e9coration ou de rangement.<\/li>\n<\/ul>\n<p>* La couleur et le motif du granit peuvent varier par rapport au mod\u00e8le illustr\u00e9.<\/p>\n","protected":false},"excerpt":{"rendered":"<p>Ham Stand &#8211; Ham granite base &#8211; granite Verde olive &#8211; INOX poli \u00e0 haute brillance<\/p>\n","protected":false},"featured_media":5128,"comment_status":"closed","ping_status":"closed","template":"","meta":[],"product_cat":[2060],"product_tag":[2063,2100,2087,2097,2068],"yst_prominent_words":[],"_links":{"self":[{"href":"https:\/\/wp.tendesign.si\/fr\/wp-json\/wp\/v2\/product\/5894"}],"collection":[{"href":"https:\/\/wp.tendesign.si\/fr\/wp-json\/wp\/v2\/product"}],"about":[{"href":"https:\/\/wp.tendesign.si\/fr\/wp-json\/wp\/v2\/types\/product"}],"replies":[{"embeddable":true,"href":"https:\/\/wp.tendesign.si\/fr\/wp-json\/wp\/v2\/comments?post=5894"}],"wp:featuredmedia":[{"embeddable":true,"href":"https:\/\/wp.tendesign.si\/fr\/wp-json\/wp\/v2\/media\/5128"}],"wp:attachment":[{"href":"https:\/\/wp.tendesign.si\/fr\/wp-json\/wp\/v2\/media?parent=5894"}],"wp:term":[{"taxonomy":"product_cat","embeddable":true,"href":"https:\/\/wp.tendesign.si\/fr\/wp-json\/wp\/v2\/product_cat?post=5894"},{"taxonomy":"product_tag","embeddable":true,"href":"https:\/\/wp.tendesign.si\/fr\/wp-json\/wp\/v2\/product_tag?post=5894"},{"taxonomy":"yst_prominent_words","embeddable":true,"href":"https:\/\/wp.tendesign.si\/fr\/wp-json\/wp\/v2\/yst_prominent_words?post=5894"}],"curies":[{"name":"wp","href":"https:\/\/api.w.org\/{rel}","templated":true}]}}