{"id":3600,"date":"2018-04-16T09:57:14","date_gmt":"2018-04-16T07:57:14","guid":{"rendered":"https:\/\/wp.tendesign.si\/izdelek\/set-de-3-buses-en-plastique-avec-sortie-en-acier-inoxydable-set-3\/"},"modified":"2024-04-24T07:31:00","modified_gmt":"2024-04-24T05:31:00","slug":"set-de-3-buses-en-plastique-avec-sortie-en-acier-inoxydable-set-3","status":"publish","type":"product","link":"https:\/\/wp.tendesign.si\/fr\/trgovina\/dispositif-de-jointement\/set-de-3-buses-en-plastique-avec-sortie-en-acier-inoxydable-set-3\/","title":{"rendered":"Jeu de 3 buses en plastique avec sortie en inox &#8211; Jeu de 3"},"content":{"rendered":"<p>Dans les dimensions fix\u00e9es :<\/p>\n<ul>\n<li>3\u00e8me jeu : diam\u00e8tre int\u00e9rieur de la buse : \u00d8 8, 14 et 20 mm<\/li>\n<\/ul>\n","protected":false},"excerpt":{"rendered":"<p>Jeu de 3 buses en plastique avec sortie en inox. Les buses conviennent \u00e0 tous les mod\u00e8les de mat\u00e9riel d&#8217;injection.<\/p>\n","protected":false},"featured_media":3527,"comment_status":"closed","ping_status":"closed","template":"","meta":[],"product_cat":[1805],"product_tag":[1806,1810],"yst_prominent_words":[],"_links":{"self":[{"href":"https:\/\/wp.tendesign.si\/fr\/wp-json\/wp\/v2\/product\/3600"}],"collection":[{"href":"https:\/\/wp.tendesign.si\/fr\/wp-json\/wp\/v2\/product"}],"about":[{"href":"https:\/\/wp.tendesign.si\/fr\/wp-json\/wp\/v2\/types\/product"}],"replies":[{"embeddable":true,"href":"https:\/\/wp.tendesign.si\/fr\/wp-json\/wp\/v2\/comments?post=3600"}],"wp:featuredmedia":[{"embeddable":true,"href":"https:\/\/wp.tendesign.si\/fr\/wp-json\/wp\/v2\/media\/3527"}],"wp:attachment":[{"href":"https:\/\/wp.tendesign.si\/fr\/wp-json\/wp\/v2\/media?parent=3600"}],"wp:term":[{"taxonomy":"product_cat","embeddable":true,"href":"https:\/\/wp.tendesign.si\/fr\/wp-json\/wp\/v2\/product_cat?post=3600"},{"taxonomy":"product_tag","embeddable":true,"href":"https:\/\/wp.tendesign.si\/fr\/wp-json\/wp\/v2\/product_tag?post=3600"},{"taxonomy":"yst_prominent_words","embeddable":true,"href":"https:\/\/wp.tendesign.si\/fr\/wp-json\/wp\/v2\/yst_prominent_words?post=3600"}],"curies":[{"name":"wp","href":"https:\/\/api.w.org\/{rel}","templated":true}]}}