{"id":3015,"date":"2016-09-10T10:29:25","date_gmt":"2016-09-10T09:29:25","guid":{"rendered":"https:\/\/wp.tendesign.si?page_id=3015"},"modified":"2024-04-24T07:38:08","modified_gmt":"2024-04-24T05:38:08","slug":"o-nas","status":"publish","type":"page","link":"https:\/\/wp.tendesign.si\/fr\/o-nas\/","title":{"rendered":"A propos de nous"},"content":{"rendered":"<h3>A propos de nous \/ Histoire<\/h3>\n<p>TEN a d\u00e9but\u00e9 en 1992 en r\u00e9unissant des innovateurs, des personnes ayant un flair pour le design industriel et des experts en g\u00e9nie m\u00e9canique, puis en g\u00e9nie m\u00e9canique et en automatisation industrielle, pour former un groupe et rechercher ensemble des march\u00e9s de niche. Avec la cr\u00e9ation de la soci\u00e9t\u00e9 Metal Design Robert \u010cerne s.p. en 1994, nous avons commenc\u00e9 \u00e0 d\u00e9velopper et \u00e0 produire nos propres produits originaux.<\/p>\n<h3>La vision<\/h3>\n<p>Nous sommes d\u00e9termin\u00e9s \u00e0 suivre les tendances, \u00e0 maintenir nos propres produits et solutions sur le march\u00e9 gr\u00e2ce \u00e0 des mises \u00e0 jour et des am\u00e9liorations constantes.<\/p>\n<h3>Notre devise<\/h3>\n<p>Ce qui \u00e9tait fait \u00e0 la main sera d\u00e9velopp\u00e9 par des machines &#8211; plus s\u00fbres, de meilleure qualit\u00e9, plus rapides, moins ch\u00e8res.<\/p>\n","protected":false},"excerpt":{"rendered":"<p>A propos de nous \/ Histoire TEN a d\u00e9but\u00e9 en 1992 en r\u00e9unissant des innovateurs, des personnes ayant un flair pour le design industriel et des experts en g\u00e9nie m\u00e9canique, puis en g\u00e9nie m\u00e9canique et en automatisation industrielle, pour former un groupe et rechercher ensemble des march\u00e9s de niche. Avec la cr\u00e9ation de la soci\u00e9t\u00e9&#8230;<\/p>\n","protected":false},"author":2,"featured_media":0,"parent":0,"menu_order":0,"comment_status":"closed","ping_status":"closed","template":"","meta":{"footnotes":""},"yst_prominent_words":[],"_links":{"self":[{"href":"https:\/\/wp.tendesign.si\/fr\/wp-json\/wp\/v2\/pages\/3015"}],"collection":[{"href":"https:\/\/wp.tendesign.si\/fr\/wp-json\/wp\/v2\/pages"}],"about":[{"href":"https:\/\/wp.tendesign.si\/fr\/wp-json\/wp\/v2\/types\/page"}],"author":[{"embeddable":true,"href":"https:\/\/wp.tendesign.si\/fr\/wp-json\/wp\/v2\/users\/2"}],"replies":[{"embeddable":true,"href":"https:\/\/wp.tendesign.si\/fr\/wp-json\/wp\/v2\/comments?post=3015"}],"version-history":[{"count":1,"href":"https:\/\/wp.tendesign.si\/fr\/wp-json\/wp\/v2\/pages\/3015\/revisions"}],"predecessor-version":[{"id":6915,"href":"https:\/\/wp.tendesign.si\/fr\/wp-json\/wp\/v2\/pages\/3015\/revisions\/6915"}],"wp:attachment":[{"href":"https:\/\/wp.tendesign.si\/fr\/wp-json\/wp\/v2\/media?parent=3015"}],"wp:term":[{"taxonomy":"yst_prominent_words","embeddable":true,"href":"https:\/\/wp.tendesign.si\/fr\/wp-json\/wp\/v2\/yst_prominent_words?post=3015"}],"curies":[{"name":"wp","href":"https:\/\/api.w.org\/{rel}","templated":true}]}}