{"id":6367,"date":"2018-07-20T19:54:13","date_gmt":"2024-04-16T09:55:49","guid":{"rendered":"https:\/\/wp.tendesign.si\/trgovina\/sin categor\u00eda\/kit-de-piezas-de-repuesto\/"},"modified":"2024-04-16T11:55:49","modified_gmt":"2024-04-16T09:55:49","slug":"kit-de-piezas-de-repuesto","status":"publish","type":"product","link":"https:\/\/wp.tendesign.si\/es\/trgovina\/dispositivos-de-inyeccion\/kit-de-piezas-de-repuesto\/","title":{"rendered":"Kit de piezas de repuesto"},"content":{"rendered":"<div id=\"tab-description\" class=\"tab-content\">\n<p>El kit de piezas de repuesto es adecuado para ambos modelos de m\u00e1quina de rejuntado.<\/p>\n<p>El kit contiene:<\/p>\n<ul>\n<li>espiral de accionamiento<\/li>\n<li>casquillo de cojinete sin rosca<\/li>\n<li>junta t\u00f3rica del casquillo del cojinete (10 uds.)<\/li>\n<li>revestimiento de espuma para tuber\u00edas (5 piezas)<\/li>\n<\/ul>\n<\/div>\n","protected":false},"excerpt":{"rendered":"<p>El kit de piezas de repuesto es adecuado para ambos modelos de m\u00e1quina de rejuntado. El kit contiene: espiral de accionamiento casquillo de cojinete sin rosca junta t\u00f3rica del casquillo del cojinete (10 uds.) revestimiento de espuma para tuber\u00edas (5 piezas)<\/p>\n","protected":false},"featured_media":6371,"comment_status":"closed","ping_status":"closed","template":"","meta":[],"product_cat":[2700],"product_tag":[],"yst_prominent_words":[],"_links":{"self":[{"href":"https:\/\/wp.tendesign.si\/es\/wp-json\/wp\/v2\/product\/6367"}],"collection":[{"href":"https:\/\/wp.tendesign.si\/es\/wp-json\/wp\/v2\/product"}],"about":[{"href":"https:\/\/wp.tendesign.si\/es\/wp-json\/wp\/v2\/types\/product"}],"replies":[{"embeddable":true,"href":"https:\/\/wp.tendesign.si\/es\/wp-json\/wp\/v2\/comments?post=6367"}],"wp:featuredmedia":[{"embeddable":true,"href":"https:\/\/wp.tendesign.si\/es\/wp-json\/wp\/v2\/media\/6371"}],"wp:attachment":[{"href":"https:\/\/wp.tendesign.si\/es\/wp-json\/wp\/v2\/media?parent=6367"}],"wp:term":[{"taxonomy":"product_cat","embeddable":true,"href":"https:\/\/wp.tendesign.si\/es\/wp-json\/wp\/v2\/product_cat?post=6367"},{"taxonomy":"product_tag","embeddable":true,"href":"https:\/\/wp.tendesign.si\/es\/wp-json\/wp\/v2\/product_tag?post=6367"},{"taxonomy":"yst_prominent_words","embeddable":true,"href":"https:\/\/wp.tendesign.si\/es\/wp-json\/wp\/v2\/yst_prominent_words?post=6367"}],"curies":[{"name":"wp","href":"https:\/\/api.w.org\/{rel}","templated":true}]}}