{"id":6336,"date":"2019-01-18T19:10:13","date_gmt":"2024-04-16T09:55:04","guid":{"rendered":"https:\/\/wp.tendesign.si\/trgovina\/sin categor\u00eda\/dispositivo-de-inyeccion-especial-lubricante\/"},"modified":"2024-04-16T11:55:04","modified_gmt":"2024-04-16T09:55:04","slug":"dispositivo-de-inyeccion-especial-lubricante","status":"publish","type":"product","link":"https:\/\/wp.tendesign.si\/es\/trgovina\/dispositivos-de-inyeccion\/dispositivo-de-inyeccion-especial-lubricante\/","title":{"rendered":"Dispositivo de inyecci\u00f3n &#8211; Especial + lubricante"},"content":{"rendered":"<p>Componentes:<\/p>\n<ul>\n<li>recipiente de lechada inox (H= 2-3 cacitos de alba\u00f1il)<\/li>\n<li>tubo de salida inox<\/li>\n<li>boquilla de pl\u00e1stico con salida inox \u00f810<\/li>\n<li>espiral de accionamiento y mezcla<\/li>\n<li>manguito de estanqueidad del rodamiento con junta t\u00f3rica<\/li>\n<li>abrazadera para fijar el taladro al adaptador de mango desmontable<\/li>\n<li>pata antivuelco<\/li>\n<li>manguera de salida acolchada para sujetar<\/li>\n<\/ul>\n<p>Funciona con un taladro el\u00e9ctrico:<\/p>\n<ul>\n<li style=\"list-style-type: none;\">\n<ul>\n<li>potencia m\u00ednima recomendada: 750-1000 W<\/li>\n<li>se requiere un dise\u00f1o estanco<\/li>\n<\/ul>\n<\/li>\n<\/ul>\n<p>Dispositivo especial de rejuntado y lubricante en spray incluidos.<\/p>\n<p>* El modelo que se muestra en el v\u00eddeo es el modelo Especial, que s\u00f3lo difiere en la forma de acoplar el taladro el\u00e9ctrico.<\/p>\n<p><iframe src=\"https:\/\/www.youtube.com\/embed\/mz9Gux7t7ZY?rel=0\" width=\"560\" height=\"315\" frameborder=\"0\" allowfullscreen=\"allowfullscreen\"><\/iframe><\/p>\n","protected":false},"excerpt":{"rendered":"<p>La m\u00e1quina especial de rejuntado hace que el rejuntado sea f\u00e1cil, r\u00e1pido y preciso. Conecta un taladro el\u00e9ctrico al aparato. Cuando se enciende la perforadora, se activa la barrena, lo que permite aplicar la lechada de manera uniforme. La pinza permite fijar el taladro al aparato. El kit incluye un dispositivo especial de rejuntado y un pulverizador para lubricar el manguito del cojinete y el alojamiento del eje.<\/p>\n<p>La foto muestra la fijaci\u00f3n de un taladro que no forma parte de nuestra oferta.<\/p>\n","protected":false},"featured_media":3428,"comment_status":"closed","ping_status":"closed","template":"","meta":[],"product_cat":[2700],"product_tag":[2704,2779,2707,2775,2709,2776],"yst_prominent_words":[],"_links":{"self":[{"href":"https:\/\/wp.tendesign.si\/es\/wp-json\/wp\/v2\/product\/6336"}],"collection":[{"href":"https:\/\/wp.tendesign.si\/es\/wp-json\/wp\/v2\/product"}],"about":[{"href":"https:\/\/wp.tendesign.si\/es\/wp-json\/wp\/v2\/types\/product"}],"replies":[{"embeddable":true,"href":"https:\/\/wp.tendesign.si\/es\/wp-json\/wp\/v2\/comments?post=6336"}],"wp:featuredmedia":[{"embeddable":true,"href":"https:\/\/wp.tendesign.si\/es\/wp-json\/wp\/v2\/media\/3428"}],"wp:attachment":[{"href":"https:\/\/wp.tendesign.si\/es\/wp-json\/wp\/v2\/media?parent=6336"}],"wp:term":[{"taxonomy":"product_cat","embeddable":true,"href":"https:\/\/wp.tendesign.si\/es\/wp-json\/wp\/v2\/product_cat?post=6336"},{"taxonomy":"product_tag","embeddable":true,"href":"https:\/\/wp.tendesign.si\/es\/wp-json\/wp\/v2\/product_tag?post=6336"},{"taxonomy":"yst_prominent_words","embeddable":true,"href":"https:\/\/wp.tendesign.si\/es\/wp-json\/wp\/v2\/yst_prominent_words?post=6336"}],"curies":[{"name":"wp","href":"https:\/\/api.w.org\/{rel}","templated":true}]}}