{"id":6309,"date":"2018-12-16T17:12:10","date_gmt":"2024-04-16T09:54:41","guid":{"rendered":"https:\/\/wp.tendesign.si\/trgovina\/sin categor\u00eda\/dispositivo-de-inyeccion-bateria-piezas-de-repuesto\/"},"modified":"2024-04-16T11:54:41","modified_gmt":"2024-04-16T09:54:41","slug":"dispositivo-de-inyeccion-bateria-piezas-de-repuesto","status":"publish","type":"product","link":"https:\/\/wp.tendesign.si\/es\/trgovina\/dispositivos-de-inyeccion\/dispositivo-de-inyeccion-bateria-piezas-de-repuesto\/","title":{"rendered":"Dispositivo de inyecci\u00f3n Bater\u00eda + piezas de repuesto"},"content":{"rendered":"<p>Componentes:<\/p>\n<ul>\n<li>recipiente de lechada inox (H= 2-3 cacitos de alba\u00f1il)<\/li>\n<li>tubo de salida inox<\/li>\n<li>boquilla de pl\u00e1stico con salida inox \u00f810<\/li>\n<li>espiral de accionamiento y mezcla<\/li>\n<li>manguito de estanqueidad del rodamiento con junta t\u00f3rica<\/li>\n<li>abrazadera para fijar el taladro al adaptador de mango desmontable<\/li>\n<li>pata antivuelco<\/li>\n<li>manguera de salida acolchada para sujetar<\/li>\n<li>Espiral de empuje de repuesto<\/li>\n<li>casquillo de cojinete de repuesto<\/li>\n<li>Recambio del forro de espuma de la manguera<\/li>\n<li>Juntas t\u00f3ricas de repuesto<\/li>\n<\/ul>\n<p>Taladro a bater\u00eda:<\/p>\n<ul>\n<li>14 a 24 V CC, se recomienda una versi\u00f3n de mayor potencia<\/li>\n<li>dise\u00f1o estanco obligatorio<\/li>\n<\/ul>\n","protected":false},"excerpt":{"rendered":"<p>La m\u00e1quina de rejuntado en bater\u00eda hace que el rejuntado sea a\u00fan m\u00e1s f\u00e1cil, pr\u00e1ctico, r\u00e1pido y preciso. Acople un taladro a bater\u00eda al aparato, que es m\u00e1s ligero y no lleva cables. Al conectar el taladro se inicia la espiral de accionamiento. La dosificaci\u00f3n y aplicaci\u00f3n uniforme de la lechada se ajusta pulsando la tecla de perforaci\u00f3n. Una caracter\u00edstica especial del dispositivo es el soporte giratorio de la broca en el dispositivo de rejuntado, que permite un ajuste r\u00e1pido y en una sola posici\u00f3n del mango de la broca de bater\u00eda. El soporte puede montarse en un radio de 360\u00b0. Todas las fijaciones y ajustes pueden realizarse manualmente sin necesidad de herramientas.<\/p>\n<p>El juego incluye el dispositivo de rejuntado en bater\u00eda y piezas de repuesto.<\/p>\n<p>*La foto muestra la fijaci\u00f3n de un taladro que no forma parte de nuestra oferta.<\/p>\n","protected":false},"featured_media":3473,"comment_status":"closed","ping_status":"closed","template":"","meta":[],"product_cat":[2700],"product_tag":[2701,2704,2707,2709,2761],"yst_prominent_words":[],"_links":{"self":[{"href":"https:\/\/wp.tendesign.si\/es\/wp-json\/wp\/v2\/product\/6309"}],"collection":[{"href":"https:\/\/wp.tendesign.si\/es\/wp-json\/wp\/v2\/product"}],"about":[{"href":"https:\/\/wp.tendesign.si\/es\/wp-json\/wp\/v2\/types\/product"}],"replies":[{"embeddable":true,"href":"https:\/\/wp.tendesign.si\/es\/wp-json\/wp\/v2\/comments?post=6309"}],"wp:featuredmedia":[{"embeddable":true,"href":"https:\/\/wp.tendesign.si\/es\/wp-json\/wp\/v2\/media\/3473"}],"wp:attachment":[{"href":"https:\/\/wp.tendesign.si\/es\/wp-json\/wp\/v2\/media?parent=6309"}],"wp:term":[{"taxonomy":"product_cat","embeddable":true,"href":"https:\/\/wp.tendesign.si\/es\/wp-json\/wp\/v2\/product_cat?post=6309"},{"taxonomy":"product_tag","embeddable":true,"href":"https:\/\/wp.tendesign.si\/es\/wp-json\/wp\/v2\/product_tag?post=6309"},{"taxonomy":"yst_prominent_words","embeddable":true,"href":"https:\/\/wp.tendesign.si\/es\/wp-json\/wp\/v2\/yst_prominent_words?post=6309"}],"curies":[{"name":"wp","href":"https:\/\/api.w.org\/{rel}","templated":true}]}}