{"id":6194,"date":"2020-07-31T19:52:26","date_gmt":"2024-04-16T09:47:31","guid":{"rendered":"https:\/\/wp.tendesign.si\/trgovina\/sin categor\u00eda\/cuchillo-de-cocina-edelweiss-pom\/"},"modified":"2024-04-16T11:47:31","modified_gmt":"2024-04-16T09:47:31","slug":"cuchillo-de-cocina-edelweiss-pom","status":"publish","type":"product","link":"https:\/\/wp.tendesign.si\/es\/trgovina\/cuchillos\/cuchillo-de-cocina-edelweiss-pom\/","title":{"rendered":"Cuchillo de cocina &#8211; Edelweiss POM"},"content":{"rendered":"<p>El cuchillo de cocina tiene un mango de copol\u00edmero acet\u00e1lico, un material totalmente at\u00f3xico y apto para el lavavajillas. La longitud de la hoja es de 25 cm.<\/p>\n","protected":false},"excerpt":{"rendered":"<p>El cuchillo de cocina tiene un mango de copol\u00edmero acet\u00e1lico, un material totalmente at\u00f3xico y apto para el lavavajillas. La longitud de la hoja es de 25 cm.<\/p>\n","protected":false},"featured_media":4917,"comment_status":"closed","ping_status":"closed","template":"","meta":[],"product_cat":[2152],"product_tag":[2595,2166,2153,2587,2160],"yst_prominent_words":[],"_links":{"self":[{"href":"https:\/\/wp.tendesign.si\/es\/wp-json\/wp\/v2\/product\/6194"}],"collection":[{"href":"https:\/\/wp.tendesign.si\/es\/wp-json\/wp\/v2\/product"}],"about":[{"href":"https:\/\/wp.tendesign.si\/es\/wp-json\/wp\/v2\/types\/product"}],"replies":[{"embeddable":true,"href":"https:\/\/wp.tendesign.si\/es\/wp-json\/wp\/v2\/comments?post=6194"}],"wp:featuredmedia":[{"embeddable":true,"href":"https:\/\/wp.tendesign.si\/es\/wp-json\/wp\/v2\/media\/4917"}],"wp:attachment":[{"href":"https:\/\/wp.tendesign.si\/es\/wp-json\/wp\/v2\/media?parent=6194"}],"wp:term":[{"taxonomy":"product_cat","embeddable":true,"href":"https:\/\/wp.tendesign.si\/es\/wp-json\/wp\/v2\/product_cat?post=6194"},{"taxonomy":"product_tag","embeddable":true,"href":"https:\/\/wp.tendesign.si\/es\/wp-json\/wp\/v2\/product_tag?post=6194"},{"taxonomy":"yst_prominent_words","embeddable":true,"href":"https:\/\/wp.tendesign.si\/es\/wp-json\/wp\/v2\/yst_prominent_words?post=6194"}],"curies":[{"name":"wp","href":"https:\/\/api.w.org\/{rel}","templated":true}]}}