{"id":5920,"date":"2020-07-31T20:39:59","date_gmt":"2024-04-16T08:47:09","guid":{"rendered":"https:\/\/wp.tendesign.si\/trgovina\/sin categor\u00eda\/juego-de-cuchillos-de-cocina-edelweiss-eco\/"},"modified":"2024-04-16T10:47:09","modified_gmt":"2024-04-16T08:47:09","slug":"juego-de-cuchillos-de-cocina-edelweiss-eco","status":"publish","type":"product","link":"https:\/\/wp.tendesign.si\/es\/trgovina\/cuchillos\/juego-de-cuchillos-de-cocina-edelweiss-eco\/","title":{"rendered":"Juego de cuchillos de cocina &#8211; Edelweiss ECO"},"content":{"rendered":"<p>El juego de cuchillos de cocina consta de seis cuchillos de cocina id\u00e9nticos con mango anat\u00f3mico de pl\u00e1stico.<\/p>\n","protected":false},"excerpt":{"rendered":"<p>El juego de cuchillos de cocina consta de seis cuchillos de cocina id\u00e9nticos con mango anat\u00f3mico de pl\u00e1stico.<\/p>\n","protected":false},"featured_media":4925,"comment_status":"closed","ping_status":"closed","template":"","meta":[],"product_cat":[2152],"product_tag":[2166,2185,2153,2160,2154,2173],"yst_prominent_words":[],"_links":{"self":[{"href":"https:\/\/wp.tendesign.si\/es\/wp-json\/wp\/v2\/product\/5920"}],"collection":[{"href":"https:\/\/wp.tendesign.si\/es\/wp-json\/wp\/v2\/product"}],"about":[{"href":"https:\/\/wp.tendesign.si\/es\/wp-json\/wp\/v2\/types\/product"}],"replies":[{"embeddable":true,"href":"https:\/\/wp.tendesign.si\/es\/wp-json\/wp\/v2\/comments?post=5920"}],"wp:featuredmedia":[{"embeddable":true,"href":"https:\/\/wp.tendesign.si\/es\/wp-json\/wp\/v2\/media\/4925"}],"wp:attachment":[{"href":"https:\/\/wp.tendesign.si\/es\/wp-json\/wp\/v2\/media?parent=5920"}],"wp:term":[{"taxonomy":"product_cat","embeddable":true,"href":"https:\/\/wp.tendesign.si\/es\/wp-json\/wp\/v2\/product_cat?post=5920"},{"taxonomy":"product_tag","embeddable":true,"href":"https:\/\/wp.tendesign.si\/es\/wp-json\/wp\/v2\/product_tag?post=5920"},{"taxonomy":"yst_prominent_words","embeddable":true,"href":"https:\/\/wp.tendesign.si\/es\/wp-json\/wp\/v2\/yst_prominent_words?post=5920"}],"curies":[{"name":"wp","href":"https:\/\/api.w.org\/{rel}","templated":true}]}}