{"id":6772,"date":"2024-04-24T07:37:19","date_gmt":"2024-04-24T05:37:19","guid":{"rendered":"https:\/\/wp.tendesign.si\/politica-de-privacidad\/"},"modified":"2024-04-24T07:37:19","modified_gmt":"2024-04-24T05:37:19","slug":"politica-de-privacidad","status":"publish","type":"page","link":"https:\/\/wp.tendesign.si\/es\/politica-de-privacidad\/","title":{"rendered":"Pol\u00edtica de privacidad"},"content":{"rendered":"<p>\u00bfQui\u00e9nes somos?<\/p>\n<p>la direcci\u00f3n de nuestro sitio web: https:\/\/wp.tendesign.si. La empresa que est\u00e1 detr\u00e1s es Robert \u010cerne s.p. con domicilio social en Tomaj 110, 6221 Dutovlje.<\/p>\n<p>\u00bfQu\u00e9 datos personales almacenamos y por qu\u00e9?<\/p>\n<p>Cookies<\/p>\n<p>El sitio web de Spica almacena cookies que contienen ciertos datos personales. Lee m\u00e1s sobre las cookies en <a href=\"\/?page_id=3658\"><br \/>\ndeclaraci\u00f3n de cookies . <\/a><\/p>\n<p>.<\/p>\n<p>Comentarios sobre la noticia<\/p>\n<p>Cuando un visitante env\u00eda un comentario al sitio web, almacenamos el nombre, la direcci\u00f3n de correo electr\u00f3nico y el contenido del comentario para que podamos supervisarlo y responder a \u00e9l. Tambi\u00e9n almacenamos la direcci\u00f3n IP \u00fanica del usuario y la cadena de intermediarios del navegador del usuario para ayudarnos a identificar comentarios no deseados o spam.<\/p>\n<p>Formulario de contacto<\/p>\n<p>El formulario de contacto almacena todos los datos que introduces para que podamos comunicarnos contigo. Sin el almacenamiento de datos, un formulario de este tipo ser\u00eda in\u00fatil, ya que no podr\u00edamos identificar a qui\u00e9n enviar la respuesta.<\/p>\n<p>Contenido incrustado de otros sitios web<\/p>\n<p>Los art\u00edculos de este sitio web pueden contener contenido incrustado (por ejemplo, v\u00eddeos, im\u00e1genes, art\u00edculos, etc.). El contenido incrustado de otros sitios web se comporta de la misma manera que si el visitante hubiera visitado otro sitio web.<\/p>\n<p>Estos sitios web pueden recopilar informaci\u00f3n sobre ti, utilizar cookies, incrustar seguimiento adicional de terceros y controlar tu interacci\u00f3n con este contenido incrustado, incluido el seguimiento de tu interacci\u00f3n con el contenido incrustado si tienes una cuenta y has iniciado sesi\u00f3n en este sitio web.<\/p>\n<p>Anal\u00edtica<\/p>\n<p>\u00bfCon qui\u00e9n compartimos tus datos?<\/p>\n<p>\u00bfCu\u00e1nto tiempo conservamos tus datos?<\/p>\n<p>Si env\u00edas un comentario, el comentario y sus metadatos se conservar\u00e1n indefinidamente. Esto es para que podamos reconocer y aprobar autom\u00e1ticamente otros comentarios en lugar de mantenerlos en la cola.<\/p>\n<p>Para los usuarios que se registran en nuestro sitio web (si los hay), tambi\u00e9n almacenamos los datos personales que proporcionan en su perfil de usuario. Todos los usuarios pueden ver, editar o borrar sus datos personales en cualquier momento (a menos que no puedan cambiar su nombre de usuario). Los administradores del sitio web tambi\u00e9n pueden ver y editar esta informaci\u00f3n.<\/p>\n<p>\u00bfQu\u00e9 derechos tienes sobre tus datos?<\/p>\n<p>Si tienes una cuenta en este sitio web o has enviado comentarios, puedes solicitar recibir un archivo exportado de los datos personales que tenemos sobre ti, incluidos los datos que nos has facilitado. Tambi\u00e9n puedes solicitar que eliminemos cualquier dato personal que tengamos sobre ti. Esto no incluye los datos que necesitamos conservar con fines administrativos, legales o de seguridad.<\/p>\n<p>\u00bfD\u00f3nde enviamos tus datos?<\/p>\n<p>Los comentarios de los visitantes se comprueban mediante un servicio autom\u00e1tico de detecci\u00f3n de spam.<\/p>\n","protected":false},"excerpt":{"rendered":"<p>\u00bfQui\u00e9nes somos? la direcci\u00f3n de nuestro sitio web: https:\/\/wp.tendesign.si. La empresa que est\u00e1 detr\u00e1s es Robert \u010cerne s.p. con domicilio social en Tomaj 110, 6221 Dutovlje. \u00bfQu\u00e9 datos personales almacenamos y por qu\u00e9? Cookies El sitio web de Spica almacena cookies que contienen ciertos datos personales. Lee m\u00e1s sobre las cookies en declaraci\u00f3n de cookies&#8230;<\/p>\n","protected":false},"author":2,"featured_media":0,"parent":0,"menu_order":0,"comment_status":"closed","ping_status":"closed","template":"","meta":{"footnotes":""},"yst_prominent_words":[],"_links":{"self":[{"href":"https:\/\/wp.tendesign.si\/es\/wp-json\/wp\/v2\/pages\/6772"}],"collection":[{"href":"https:\/\/wp.tendesign.si\/es\/wp-json\/wp\/v2\/pages"}],"about":[{"href":"https:\/\/wp.tendesign.si\/es\/wp-json\/wp\/v2\/types\/page"}],"author":[{"embeddable":true,"href":"https:\/\/wp.tendesign.si\/es\/wp-json\/wp\/v2\/users\/2"}],"replies":[{"embeddable":true,"href":"https:\/\/wp.tendesign.si\/es\/wp-json\/wp\/v2\/comments?post=6772"}],"version-history":[{"count":0,"href":"https:\/\/wp.tendesign.si\/es\/wp-json\/wp\/v2\/pages\/6772\/revisions"}],"wp:attachment":[{"href":"https:\/\/wp.tendesign.si\/es\/wp-json\/wp\/v2\/media?parent=6772"}],"wp:term":[{"taxonomy":"yst_prominent_words","embeddable":true,"href":"https:\/\/wp.tendesign.si\/es\/wp-json\/wp\/v2\/yst_prominent_words?post=6772"}],"curies":[{"name":"wp","href":"https:\/\/api.w.org\/{rel}","templated":true}]}}