{"id":6717,"date":"2016-09-17T18:26:38","date_gmt":"2024-04-24T05:33:34","guid":{"rendered":"https:\/\/wp.tendesign.si\/trgovina\/unkategorisiert\/messer-zum-trimmen-und-putzen-von-schinken-ausonia\/"},"modified":"2024-04-24T07:33:34","modified_gmt":"2024-04-24T05:33:34","slug":"messer-zum-trimmen-und-putzen-von-schinken-ausonia","status":"publish","type":"product","link":"https:\/\/wp.tendesign.si\/de\/trgovina\/messer\/messer-zum-trimmen-und-putzen-von-schinken-ausonia\/","title":{"rendered":"Messer zum Trimmen und Putzen von Schinken &#8211; Ausonia"},"content":{"rendered":"<p>Das Schinkenputzmesser hat einen gr\u00f6\u00dferen Holzgriff f\u00fcr einen festen Griff und eine k\u00fcrzere Klinge zum pr\u00e4zisen Schneiden der Haut und Reinigen der getrockneten Schinkenschwarte.<\/p>\n","protected":false},"excerpt":{"rendered":"<p>Das Schinkenputzmesser hat einen gr\u00f6\u00dferen Holzgriff f\u00fcr einen festen Griff und eine k\u00fcrzere Klinge zum pr\u00e4zisen Schneiden der Haut und Reinigen der getrockneten Schinkenschwarte.<\/p>\n","protected":false},"featured_media":129,"comment_status":"closed","ping_status":"closed","template":"","meta":[],"product_cat":[2136],"product_tag":[2854,2137,2670,2086,2855],"yst_prominent_words":[],"_links":{"self":[{"href":"https:\/\/wp.tendesign.si\/de\/wp-json\/wp\/v2\/product\/6717"}],"collection":[{"href":"https:\/\/wp.tendesign.si\/de\/wp-json\/wp\/v2\/product"}],"about":[{"href":"https:\/\/wp.tendesign.si\/de\/wp-json\/wp\/v2\/types\/product"}],"replies":[{"embeddable":true,"href":"https:\/\/wp.tendesign.si\/de\/wp-json\/wp\/v2\/comments?post=6717"}],"wp:featuredmedia":[{"embeddable":true,"href":"https:\/\/wp.tendesign.si\/de\/wp-json\/wp\/v2\/media\/129"}],"wp:attachment":[{"href":"https:\/\/wp.tendesign.si\/de\/wp-json\/wp\/v2\/media?parent=6717"}],"wp:term":[{"taxonomy":"product_cat","embeddable":true,"href":"https:\/\/wp.tendesign.si\/de\/wp-json\/wp\/v2\/product_cat?post=6717"},{"taxonomy":"product_tag","embeddable":true,"href":"https:\/\/wp.tendesign.si\/de\/wp-json\/wp\/v2\/product_tag?post=6717"},{"taxonomy":"yst_prominent_words","embeddable":true,"href":"https:\/\/wp.tendesign.si\/de\/wp-json\/wp\/v2\/yst_prominent_words?post=6717"}],"curies":[{"name":"wp","href":"https:\/\/api.w.org\/{rel}","templated":true}]}}