{"id":6629,"date":"2016-09-17T19:56:10","date_gmt":"2024-04-24T05:32:43","guid":{"rendered":"https:\/\/wp.tendesign.si\/trgovina\/unkategorisiert\/lagerbuchse-profi\/"},"modified":"2024-04-24T07:32:43","modified_gmt":"2024-04-24T05:32:43","slug":"lagerbuchse-profi","status":"publish","type":"product","link":"https:\/\/wp.tendesign.si\/de\/trgovina\/injektionsgerate\/lagerbuchse-profi\/","title":{"rendered":"Lagerbuchse profi"},"content":{"rendered":"<p>Mit der Profi-Lagerh\u00fclse ist die Schmierung auch w\u00e4hrend der Arbeit m\u00f6glich, so dass die Spirale nicht von der Verpressmaschine entfernt werden muss. Das spart Zeit und verl\u00e4ngert die Lebensdauer der Buchsen.<\/p>\n","protected":false},"excerpt":{"rendered":"<p>Mit der Profi-Lagerh\u00fclse ist die Schmierung auch w\u00e4hrend der Arbeit m\u00f6glich, so dass die Spirale nicht von der Verpressmaschine entfernt werden muss. Das spart Zeit und verl\u00e4ngert die Lebensdauer der Buchsen.<\/p>\n","protected":false},"featured_media":6632,"comment_status":"closed","ping_status":"closed","template":"","meta":[],"product_cat":[2714],"product_tag":[],"yst_prominent_words":[],"_links":{"self":[{"href":"https:\/\/wp.tendesign.si\/de\/wp-json\/wp\/v2\/product\/6629"}],"collection":[{"href":"https:\/\/wp.tendesign.si\/de\/wp-json\/wp\/v2\/product"}],"about":[{"href":"https:\/\/wp.tendesign.si\/de\/wp-json\/wp\/v2\/types\/product"}],"replies":[{"embeddable":true,"href":"https:\/\/wp.tendesign.si\/de\/wp-json\/wp\/v2\/comments?post=6629"}],"wp:featuredmedia":[{"embeddable":true,"href":"https:\/\/wp.tendesign.si\/de\/wp-json\/wp\/v2\/media\/6632"}],"wp:attachment":[{"href":"https:\/\/wp.tendesign.si\/de\/wp-json\/wp\/v2\/media?parent=6629"}],"wp:term":[{"taxonomy":"product_cat","embeddable":true,"href":"https:\/\/wp.tendesign.si\/de\/wp-json\/wp\/v2\/product_cat?post=6629"},{"taxonomy":"product_tag","embeddable":true,"href":"https:\/\/wp.tendesign.si\/de\/wp-json\/wp\/v2\/product_tag?post=6629"},{"taxonomy":"yst_prominent_words","embeddable":true,"href":"https:\/\/wp.tendesign.si\/de\/wp-json\/wp\/v2\/yst_prominent_words?post=6629"}],"curies":[{"name":"wp","href":"https:\/\/api.w.org\/{rel}","templated":true}]}}