{"id":6614,"date":"2016-09-17T20:01:07","date_gmt":"2024-04-24T05:32:20","guid":{"rendered":"https:\/\/wp.tendesign.si\/trgovina\/unkategorisiert\/inox-schaufel-fuer-mauerwerk\/"},"modified":"2024-04-24T07:32:20","modified_gmt":"2024-04-24T05:32:20","slug":"inox-schaufel-fuer-mauerwerk","status":"publish","type":"product","link":"https:\/\/wp.tendesign.si\/de\/trgovina\/injektionsgerate\/inox-schaufel-fuer-mauerwerk\/","title":{"rendered":"Inox Schaufel f\u00fcr Mauerwerk"},"content":{"rendered":"<div id=\"tab-description\" class=\"tab-content\">\n<p>Inox Schaufel f\u00fcr Mauerwerk<\/p>\n<p>Oberer Durchmesser 17 cm<\/p>\n<p>Durchmesser unten 8 cm<\/p>\n<p>H\u00f6he 6,5 cm<\/p>\n<p>L\u00e4nge des Griffs 13 cm<\/p>\n<\/div>\n","protected":false},"excerpt":{"rendered":"<p>Inox Schaufel f\u00fcr Mauerwerk Oberer Durchmesser 17 cm Durchmesser unten 8 cm H\u00f6he 6,5 cm L\u00e4nge des Griffs 13 cm<\/p>\n","protected":false},"featured_media":6617,"comment_status":"closed","ping_status":"closed","template":"","meta":[],"product_cat":[2714],"product_tag":[],"yst_prominent_words":[],"_links":{"self":[{"href":"https:\/\/wp.tendesign.si\/de\/wp-json\/wp\/v2\/product\/6614"}],"collection":[{"href":"https:\/\/wp.tendesign.si\/de\/wp-json\/wp\/v2\/product"}],"about":[{"href":"https:\/\/wp.tendesign.si\/de\/wp-json\/wp\/v2\/types\/product"}],"replies":[{"embeddable":true,"href":"https:\/\/wp.tendesign.si\/de\/wp-json\/wp\/v2\/comments?post=6614"}],"wp:featuredmedia":[{"embeddable":true,"href":"https:\/\/wp.tendesign.si\/de\/wp-json\/wp\/v2\/media\/6617"}],"wp:attachment":[{"href":"https:\/\/wp.tendesign.si\/de\/wp-json\/wp\/v2\/media?parent=6614"}],"wp:term":[{"taxonomy":"product_cat","embeddable":true,"href":"https:\/\/wp.tendesign.si\/de\/wp-json\/wp\/v2\/product_cat?post=6614"},{"taxonomy":"product_tag","embeddable":true,"href":"https:\/\/wp.tendesign.si\/de\/wp-json\/wp\/v2\/product_tag?post=6614"},{"taxonomy":"yst_prominent_words","embeddable":true,"href":"https:\/\/wp.tendesign.si\/de\/wp-json\/wp\/v2\/yst_prominent_words?post=6614"}],"curies":[{"name":"wp","href":"https:\/\/api.w.org\/{rel}","templated":true}]}}