{"id":6544,"date":"2016-09-17T20:07:50","date_gmt":"2024-04-24T05:31:42","guid":{"rendered":"https:\/\/wp.tendesign.si\/trgovina\/unkategorisiert\/fugeisen-satz-36\/"},"modified":"2024-04-24T07:31:42","modified_gmt":"2024-04-24T05:31:42","slug":"fugeisen-satz-36","status":"publish","type":"product","link":"https:\/\/wp.tendesign.si\/de\/trgovina\/injektionsgerate\/fugeisen-satz-36\/","title":{"rendered":"Fugeisen &#8211; Satz 3=6"},"content":{"rendered":"<p>Das Set enth\u00e4lt 3 doppelseitige Gl\u00e4ttungsscheiben &#8211; 6 verschiedene Gr\u00f6\u00dfen mit Endradien ( \u00d8 10, 12, 14, 16, 18 und 20 mm) zum Verfugen f\u00fcr den Profi- und Amateurbereich.<\/p>\n","protected":false},"excerpt":{"rendered":"<p>Das Set enth\u00e4lt 3 doppelseitige Gl\u00e4ttungsscheiben &#8211; 6 verschiedene Gr\u00f6\u00dfen mit Endradien ( \u00d8 10, 12, 14, 16, 18 und 20 mm) zum Verfugen f\u00fcr den Profi- und Amateurbereich.<\/p>\n","protected":false},"featured_media":4709,"comment_status":"closed","ping_status":"closed","template":"","meta":[],"product_cat":[2714],"product_tag":[],"yst_prominent_words":[],"_links":{"self":[{"href":"https:\/\/wp.tendesign.si\/de\/wp-json\/wp\/v2\/product\/6544"}],"collection":[{"href":"https:\/\/wp.tendesign.si\/de\/wp-json\/wp\/v2\/product"}],"about":[{"href":"https:\/\/wp.tendesign.si\/de\/wp-json\/wp\/v2\/types\/product"}],"replies":[{"embeddable":true,"href":"https:\/\/wp.tendesign.si\/de\/wp-json\/wp\/v2\/comments?post=6544"}],"wp:featuredmedia":[{"embeddable":true,"href":"https:\/\/wp.tendesign.si\/de\/wp-json\/wp\/v2\/media\/4709"}],"wp:attachment":[{"href":"https:\/\/wp.tendesign.si\/de\/wp-json\/wp\/v2\/media?parent=6544"}],"wp:term":[{"taxonomy":"product_cat","embeddable":true,"href":"https:\/\/wp.tendesign.si\/de\/wp-json\/wp\/v2\/product_cat?post=6544"},{"taxonomy":"product_tag","embeddable":true,"href":"https:\/\/wp.tendesign.si\/de\/wp-json\/wp\/v2\/product_tag?post=6544"},{"taxonomy":"yst_prominent_words","embeddable":true,"href":"https:\/\/wp.tendesign.si\/de\/wp-json\/wp\/v2\/yst_prominent_words?post=6544"}],"curies":[{"name":"wp","href":"https:\/\/api.w.org\/{rel}","templated":true}]}}