{"id":6525,"date":"2018-04-16T09:57:14","date_gmt":"2024-04-24T05:31:05","guid":{"rendered":"https:\/\/wp.tendesign.si\/trgovina\/unkategorisiert\/3er-set-kunststoffduesen-mit-inox-auslass-3er-set\/"},"modified":"2024-04-24T07:31:05","modified_gmt":"2024-04-24T05:31:05","slug":"3er-set-kunststoffduesen-mit-inox-auslass-3er-set","status":"publish","type":"product","link":"https:\/\/wp.tendesign.si\/de\/trgovina\/injektionsgerate\/3er-set-kunststoffduesen-mit-inox-auslass-3er-set\/","title":{"rendered":"3er-Set Kunststoffd\u00fcsen mit Inox-Auslass &#8211; 3er-Set"},"content":{"rendered":"<p>In den festgelegten Dimensionen:<\/p>\n<ul>\n<li>3. Satz: D\u00fcseninnendurchmesser: \u00d8 8, 14 und 20 mm<\/li>\n<\/ul>\n","protected":false},"excerpt":{"rendered":"<p>Satz mit 3 Kunststoffd\u00fcsen mit Inox-Auslass. Die D\u00fcsen sind f\u00fcr alle Modelle von Injektionsger\u00e4ten geeignet.<\/p>\n","protected":false},"featured_media":6528,"comment_status":"closed","ping_status":"closed","template":"","meta":[],"product_cat":[2714],"product_tag":[2745,2796],"yst_prominent_words":[],"_links":{"self":[{"href":"https:\/\/wp.tendesign.si\/de\/wp-json\/wp\/v2\/product\/6525"}],"collection":[{"href":"https:\/\/wp.tendesign.si\/de\/wp-json\/wp\/v2\/product"}],"about":[{"href":"https:\/\/wp.tendesign.si\/de\/wp-json\/wp\/v2\/types\/product"}],"replies":[{"embeddable":true,"href":"https:\/\/wp.tendesign.si\/de\/wp-json\/wp\/v2\/comments?post=6525"}],"wp:featuredmedia":[{"embeddable":true,"href":"https:\/\/wp.tendesign.si\/de\/wp-json\/wp\/v2\/media\/6528"}],"wp:attachment":[{"href":"https:\/\/wp.tendesign.si\/de\/wp-json\/wp\/v2\/media?parent=6525"}],"wp:term":[{"taxonomy":"product_cat","embeddable":true,"href":"https:\/\/wp.tendesign.si\/de\/wp-json\/wp\/v2\/product_cat?post=6525"},{"taxonomy":"product_tag","embeddable":true,"href":"https:\/\/wp.tendesign.si\/de\/wp-json\/wp\/v2\/product_tag?post=6525"},{"taxonomy":"yst_prominent_words","embeddable":true,"href":"https:\/\/wp.tendesign.si\/de\/wp-json\/wp\/v2\/yst_prominent_words?post=6525"}],"curies":[{"name":"wp","href":"https:\/\/api.w.org\/{rel}","templated":true}]}}