{"id":6521,"date":"2018-04-16T10:19:46","date_gmt":"2024-04-24T05:31:04","guid":{"rendered":"https:\/\/wp.tendesign.si\/trgovina\/unkategorisiert\/kunststoffduese-mit-inox-auslass-o-16-mm\/"},"modified":"2024-04-24T07:31:04","modified_gmt":"2024-04-24T05:31:04","slug":"kunststoffduese-mit-inox-auslass-o-16-mm","status":"publish","type":"product","link":"https:\/\/wp.tendesign.si\/de\/trgovina\/injektionsgerate\/kunststoffduese-mit-inox-auslass-o-16-mm\/","title":{"rendered":"Kunststoffd\u00fcse mit Inox-Auslass \u00d8 16 mm"},"content":{"rendered":"<p>W\u00e4hlen Sie aus verschiedenen Gr\u00f6\u00dfen und g\u00fcnstigeren Kits.<\/p>\n","protected":false},"excerpt":{"rendered":"<p>Kunststoffd\u00fcse mit Inox-Auslass \u00d8 16 mm. Die D\u00fcse ist f\u00fcr alle Modelle von Injektionsmaschinen geeignet.<\/p>\n","protected":false},"featured_media":6527,"comment_status":"closed","ping_status":"closed","template":"","meta":[],"product_cat":[2714],"product_tag":[2832,2796],"yst_prominent_words":[],"_links":{"self":[{"href":"https:\/\/wp.tendesign.si\/de\/wp-json\/wp\/v2\/product\/6521"}],"collection":[{"href":"https:\/\/wp.tendesign.si\/de\/wp-json\/wp\/v2\/product"}],"about":[{"href":"https:\/\/wp.tendesign.si\/de\/wp-json\/wp\/v2\/types\/product"}],"replies":[{"embeddable":true,"href":"https:\/\/wp.tendesign.si\/de\/wp-json\/wp\/v2\/comments?post=6521"}],"wp:featuredmedia":[{"embeddable":true,"href":"https:\/\/wp.tendesign.si\/de\/wp-json\/wp\/v2\/media\/6527"}],"wp:attachment":[{"href":"https:\/\/wp.tendesign.si\/de\/wp-json\/wp\/v2\/media?parent=6521"}],"wp:term":[{"taxonomy":"product_cat","embeddable":true,"href":"https:\/\/wp.tendesign.si\/de\/wp-json\/wp\/v2\/product_cat?post=6521"},{"taxonomy":"product_tag","embeddable":true,"href":"https:\/\/wp.tendesign.si\/de\/wp-json\/wp\/v2\/product_tag?post=6521"},{"taxonomy":"yst_prominent_words","embeddable":true,"href":"https:\/\/wp.tendesign.si\/de\/wp-json\/wp\/v2\/yst_prominent_words?post=6521"}],"curies":[{"name":"wp","href":"https:\/\/api.w.org\/{rel}","templated":true}]}}