{"id":6385,"date":"2018-09-18T21:40:43","date_gmt":"2024-04-16T09:55:59","guid":{"rendered":"https:\/\/wp.tendesign.si\/trgovina\/unkategorisiert\/gift-grout-auf-hochglanz-poliert-und-in-zellophan-verpackt\/"},"modified":"2024-04-16T11:55:59","modified_gmt":"2024-04-16T09:55:59","slug":"gift-grout-auf-hochglanz-poliert-und-in-zellophan-verpackt","status":"publish","type":"product","link":"https:\/\/wp.tendesign.si\/de\/trgovina\/injektionsgerate\/gift-grout-auf-hochglanz-poliert-und-in-zellophan-verpackt\/","title":{"rendered":"Gift Grout &#8211; auf Hochglanz poliert und in Zellophan verpackt"},"content":{"rendered":"<p>Bestandteile:<\/p>\n<ul>\n<li>Inox-Fugenm\u00f6rtel-Beh\u00e4lter (H= 2-3 Maurerl\u00f6ffel)<\/li>\n<li>Inox-Auslaufrohr<\/li>\n<li>Kunststoffd\u00fcse mit Inox-Ausgang \u00f810<\/li>\n<li>Antriebs- und Mischspirale<\/li>\n<li>Lagerdichtungsh\u00fclse mit O-Ring-Dichtung<\/li>\n<li>Klemme zum Befestigen der Bohrmaschine am abnehmbaren Griffadapter<\/li>\n<li>Kippschutzbein<\/li>\n<li>gepolsterter Auslaufschlauch zum Halten<\/li>\n<\/ul>\n<p>Angetrieben von einer elektrischen Bohrmaschine:<\/p>\n<ul>\n<li>empfohlene Mindestleistung: 750-1000 W<\/li>\n<li>wasserdichte Konstruktion erforderlich!<\/li>\n<\/ul>\n<p><iframe src=\"https:\/\/www.youtube.com\/embed\/mz9Gux7t7ZY?rel=0\" width=\"560\" height=\"315\" frameborder=\"0\" allowfullscreen=\"allowfullscreen\"><\/iframe><\/p>\n","protected":false},"excerpt":{"rendered":"<p>Die Spezial-Fugenmaschine macht das Verfugen einfach, schnell und pr\u00e4zise. Schlie\u00dfen Sie eine elektrische Bohrmaschine an das Ger\u00e4t an. Beim Einschalten des Bohrger\u00e4ts wird die F\u00f6rderschnecke aktiviert, so dass der M\u00f6rtel gleichm\u00e4\u00dfig aufgetragen werden kann. Mit der Klemme kann der Bohrer am Ger\u00e4t befestigt werden. Er ist auf Hochglanz poliert und in Zellophan verpackt &#8211; das perfekte Geschenk.<\/p>\n<p>Das Foto zeigt die Befestigung einer Bohrmaschine, die nicht zu unserem Angebot geh\u00f6rt.<\/p>\n","protected":false},"featured_media":6393,"comment_status":"closed","ping_status":"closed","template":"","meta":[],"product_cat":[2714],"product_tag":[2800,2730,2165,2727,2715],"yst_prominent_words":[],"_links":{"self":[{"href":"https:\/\/wp.tendesign.si\/de\/wp-json\/wp\/v2\/product\/6385"}],"collection":[{"href":"https:\/\/wp.tendesign.si\/de\/wp-json\/wp\/v2\/product"}],"about":[{"href":"https:\/\/wp.tendesign.si\/de\/wp-json\/wp\/v2\/types\/product"}],"replies":[{"embeddable":true,"href":"https:\/\/wp.tendesign.si\/de\/wp-json\/wp\/v2\/comments?post=6385"}],"wp:featuredmedia":[{"embeddable":true,"href":"https:\/\/wp.tendesign.si\/de\/wp-json\/wp\/v2\/media\/6393"}],"wp:attachment":[{"href":"https:\/\/wp.tendesign.si\/de\/wp-json\/wp\/v2\/media?parent=6385"}],"wp:term":[{"taxonomy":"product_cat","embeddable":true,"href":"https:\/\/wp.tendesign.si\/de\/wp-json\/wp\/v2\/product_cat?post=6385"},{"taxonomy":"product_tag","embeddable":true,"href":"https:\/\/wp.tendesign.si\/de\/wp-json\/wp\/v2\/product_tag?post=6385"},{"taxonomy":"yst_prominent_words","embeddable":true,"href":"https:\/\/wp.tendesign.si\/de\/wp-json\/wp\/v2\/yst_prominent_words?post=6385"}],"curies":[{"name":"wp","href":"https:\/\/api.w.org\/{rel}","templated":true}]}}