{"id":6355,"date":"2018-07-20T19:54:13","date_gmt":"2024-04-16T09:55:44","guid":{"rendered":"https:\/\/wp.tendesign.si\/trgovina\/unkategorisiert\/ersatzteilset\/"},"modified":"2024-04-16T11:55:44","modified_gmt":"2024-04-16T09:55:44","slug":"ersatzteilset","status":"publish","type":"product","link":"https:\/\/wp.tendesign.si\/de\/trgovina\/injektionsgerate\/ersatzteilset\/","title":{"rendered":"Ersatzteilset"},"content":{"rendered":"<div id=\"tab-description\" class=\"tab-content\">\n<p>Der Ersatzteilsatz ist f\u00fcr beide Modelle der Injektionsmaschine geeignet.<\/p>\n<p>Der Bausatz enth\u00e4lt:<\/p>\n<ul>\n<li>Antriebsspirale<\/li>\n<li>Lagerbuchse ohne Gewinde<\/li>\n<li>O-Ring Lagerh\u00fclsendichtung (10 St\u00fcck)<\/li>\n<li>Schaumstoffauskleidung (5 St\u00fcck)<\/li>\n<\/ul>\n<\/div>\n","protected":false},"excerpt":{"rendered":"<p>Der Ersatzteilsatz ist f\u00fcr beide Modelle der Injektionsmaschine geeignet. Der Bausatz enth\u00e4lt: Antriebsspirale Lagerbuchse ohne Gewinde O-Ring Lagerh\u00fclsendichtung (10 St\u00fcck) Schaumstoffauskleidung (5 St\u00fcck)<\/p>\n","protected":false},"featured_media":6357,"comment_status":"closed","ping_status":"closed","template":"","meta":[],"product_cat":[2714],"product_tag":[],"yst_prominent_words":[],"_links":{"self":[{"href":"https:\/\/wp.tendesign.si\/de\/wp-json\/wp\/v2\/product\/6355"}],"collection":[{"href":"https:\/\/wp.tendesign.si\/de\/wp-json\/wp\/v2\/product"}],"about":[{"href":"https:\/\/wp.tendesign.si\/de\/wp-json\/wp\/v2\/types\/product"}],"replies":[{"embeddable":true,"href":"https:\/\/wp.tendesign.si\/de\/wp-json\/wp\/v2\/comments?post=6355"}],"wp:featuredmedia":[{"embeddable":true,"href":"https:\/\/wp.tendesign.si\/de\/wp-json\/wp\/v2\/media\/6357"}],"wp:attachment":[{"href":"https:\/\/wp.tendesign.si\/de\/wp-json\/wp\/v2\/media?parent=6355"}],"wp:term":[{"taxonomy":"product_cat","embeddable":true,"href":"https:\/\/wp.tendesign.si\/de\/wp-json\/wp\/v2\/product_cat?post=6355"},{"taxonomy":"product_tag","embeddable":true,"href":"https:\/\/wp.tendesign.si\/de\/wp-json\/wp\/v2\/product_tag?post=6355"},{"taxonomy":"yst_prominent_words","embeddable":true,"href":"https:\/\/wp.tendesign.si\/de\/wp-json\/wp\/v2\/yst_prominent_words?post=6355"}],"curies":[{"name":"wp","href":"https:\/\/api.w.org\/{rel}","templated":true}]}}