{"id":6285,"date":"2018-11-18T20:29:39","date_gmt":"2024-04-16T09:54:27","guid":{"rendered":"https:\/\/wp.tendesign.si\/trgovina\/unkategorisiert\/injektionsmaschine-spezial-duesensatz-ersatzteile\/"},"modified":"2024-04-16T11:54:27","modified_gmt":"2024-04-16T09:54:27","slug":"injektionsmaschine-spezial-duesensatz-ersatzteile","status":"publish","type":"product","link":"https:\/\/wp.tendesign.si\/de\/trgovina\/injektionsgerate\/injektionsmaschine-spezial-duesensatz-ersatzteile\/","title":{"rendered":"Injektionsmaschine &#8211; Spezial + D\u00fcsensatz + Ersatzteile"},"content":{"rendered":"<p>Bestandteile:<\/p>\n<ul>\n<li>Inox-Fugenm\u00f6rtel-Beh\u00e4lter (H= 2-3 Maurerl\u00f6ffel)<\/li>\n<li>Inox-Auslaufrohr<\/li>\n<li>Kunststoffd\u00fcsensatz (fi 8, fi 12, fi 14, fi 16, fi 18 und fi 20)<\/li>\n<li>Antriebs- und Mischspirale<\/li>\n<li>Lagerdichtungsh\u00fclse mit O-Ring-Dichtung<\/li>\n<li>Klemme zum Befestigen der Bohrmaschine am abnehmbaren Griffadapter<\/li>\n<li>Kippschutzbein<\/li>\n<li>gepolsterter Auslaufschlauch zum Halten<\/li>\n<li>Ersatz-Schubspirale<\/li>\n<li>Ersatz-Lagerbuchse<\/li>\n<li>Ersatz-O-Ring-Dichtungen<\/li>\n<li>Ersatz-Schaumstoffeinlage f\u00fcr den Schlauch<\/li>\n<\/ul>\n<p>Angetrieben von einer elektrischen Bohrmaschine:<\/p>\n<ul>\n<li>empfohlene Mindestleistung: 750-1000 W<\/li>\n<li>wasserdichte Konstruktion erforderlich!<\/li>\n<\/ul>\n","protected":false},"excerpt":{"rendered":"<p>Die Spezial-Fugenmaschine macht das Verfugen einfach, schnell und pr\u00e4zise. Schlie\u00dfen Sie eine elektrische Bohrmaschine an das Ger\u00e4t an. Beim Einschalten des Bohrger\u00e4ts wird die F\u00f6rderschnecke aktiviert, so dass der M\u00f6rtel gleichm\u00e4\u00dfig aufgetragen werden kann. Mit der Klemme kann der Bohrer am Ger\u00e4t befestigt werden.<\/p>\n<p>Das Set enth\u00e4lt eine Spezialverpressmaschine, einen Satz von sechs D\u00fcsen und ein Ersatzteilset.<\/p>\n<p>Das Foto zeigt die Befestigung einer Bohrmaschine, die nicht zu unserem Angebot geh\u00f6rt.<\/p>\n","protected":false},"featured_media":5577,"comment_status":"closed","ping_status":"closed","template":"","meta":[],"product_cat":[2714],"product_tag":[2745,2760,2730,2721,2727,2715],"yst_prominent_words":[],"_links":{"self":[{"href":"https:\/\/wp.tendesign.si\/de\/wp-json\/wp\/v2\/product\/6285"}],"collection":[{"href":"https:\/\/wp.tendesign.si\/de\/wp-json\/wp\/v2\/product"}],"about":[{"href":"https:\/\/wp.tendesign.si\/de\/wp-json\/wp\/v2\/types\/product"}],"replies":[{"embeddable":true,"href":"https:\/\/wp.tendesign.si\/de\/wp-json\/wp\/v2\/comments?post=6285"}],"wp:featuredmedia":[{"embeddable":true,"href":"https:\/\/wp.tendesign.si\/de\/wp-json\/wp\/v2\/media\/5577"}],"wp:attachment":[{"href":"https:\/\/wp.tendesign.si\/de\/wp-json\/wp\/v2\/media?parent=6285"}],"wp:term":[{"taxonomy":"product_cat","embeddable":true,"href":"https:\/\/wp.tendesign.si\/de\/wp-json\/wp\/v2\/product_cat?post=6285"},{"taxonomy":"product_tag","embeddable":true,"href":"https:\/\/wp.tendesign.si\/de\/wp-json\/wp\/v2\/product_tag?post=6285"},{"taxonomy":"yst_prominent_words","embeddable":true,"href":"https:\/\/wp.tendesign.si\/de\/wp-json\/wp\/v2\/yst_prominent_words?post=6285"}],"curies":[{"name":"wp","href":"https:\/\/api.w.org\/{rel}","templated":true}]}}