{"id":6226,"date":"2020-07-31T19:52:26","date_gmt":"2024-04-16T09:48:13","guid":{"rendered":"https:\/\/wp.tendesign.si\/trgovina\/unkategorisiert\/kuechenmesser-edelweiss-pom\/"},"modified":"2024-04-16T11:48:13","modified_gmt":"2024-04-16T09:48:13","slug":"kuechenmesser-edelweiss-pom","status":"publish","type":"product","link":"https:\/\/wp.tendesign.si\/de\/trgovina\/messer\/kuechenmesser-edelweiss-pom\/","title":{"rendered":"K\u00fcchenmesser &#8211; Edelweiss POM"},"content":{"rendered":"<p>Das K\u00fcchenmesser hat einen Griff aus Acetalcopolymer, einem v\u00f6llig ungiftigen und sp\u00fclmaschinenfesten Material. Die Klingenl\u00e4nge betr\u00e4gt 25 cm.<\/p>\n","protected":false},"excerpt":{"rendered":"<p>Das K\u00fcchenmesser hat einen Griff aus Acetalcopolymer, einem v\u00f6llig ungiftigen und sp\u00fclmaschinenfesten Material. Die Klingenl\u00e4nge betr\u00e4gt 25 cm.<\/p>\n","protected":false},"featured_media":4915,"comment_status":"closed","ping_status":"closed","template":"","meta":[],"product_cat":[2136],"product_tag":[2660,2594,2137,2209,2211],"yst_prominent_words":[],"_links":{"self":[{"href":"https:\/\/wp.tendesign.si\/de\/wp-json\/wp\/v2\/product\/6226"}],"collection":[{"href":"https:\/\/wp.tendesign.si\/de\/wp-json\/wp\/v2\/product"}],"about":[{"href":"https:\/\/wp.tendesign.si\/de\/wp-json\/wp\/v2\/types\/product"}],"replies":[{"embeddable":true,"href":"https:\/\/wp.tendesign.si\/de\/wp-json\/wp\/v2\/comments?post=6226"}],"wp:featuredmedia":[{"embeddable":true,"href":"https:\/\/wp.tendesign.si\/de\/wp-json\/wp\/v2\/media\/4915"}],"wp:attachment":[{"href":"https:\/\/wp.tendesign.si\/de\/wp-json\/wp\/v2\/media?parent=6226"}],"wp:term":[{"taxonomy":"product_cat","embeddable":true,"href":"https:\/\/wp.tendesign.si\/de\/wp-json\/wp\/v2\/product_cat?post=6226"},{"taxonomy":"product_tag","embeddable":true,"href":"https:\/\/wp.tendesign.si\/de\/wp-json\/wp\/v2\/product_tag?post=6226"},{"taxonomy":"yst_prominent_words","embeddable":true,"href":"https:\/\/wp.tendesign.si\/de\/wp-json\/wp\/v2\/yst_prominent_words?post=6226"}],"curies":[{"name":"wp","href":"https:\/\/api.w.org\/{rel}","templated":true}]}}