{"id":6146,"date":"2016-05-17T00:34:49","date_gmt":"2024-04-16T09:07:30","guid":{"rendered":"https:\/\/wp.tendesign.si\/trgovina\/unkategorisiert\/schinkenstaender-schinken-granit-glaenzend\/"},"modified":"2024-04-16T11:21:23","modified_gmt":"2024-04-16T09:21:23","slug":"schinkenstaender-schinken-granit-glaenzend","status":"publish","type":"product","link":"https:\/\/wp.tendesign.si\/de\/trgovina\/schinkenstander\/schinkenstaender-schinken-granit-glaenzend\/","title":{"rendered":"Schinkenst\u00e4nder &#8211; Schinken Granit gl\u00e4nzend"},"content":{"rendered":"<p><strong>Schinkenst\u00e4nder Granite Gloss &#8211; <\/strong>besondere Merkmale:<\/p>\n<ul>\n<li><strong>Metallteil:<\/strong> Edelstahl (INOX), poliert<strong>,<\/strong><strong>Sockel:<\/strong> polierter Granit, geh\u00e4mmert, 30 mm dick. Dies verleiht ihm Gewicht und damit Steifigkeit und Stabilit\u00e4t beim Schneiden.\n<ul>\n<li>Granit bietet eine h\u00f6here Festigkeit der Matte, sowohl im Falle einer Besch\u00e4digung der Oberfl\u00e4che als auch im Falle eines Bruchs selbst.<\/li>\n<li>Die St\u00e4nder mit geh\u00e4mmertem Boden haben am Ende einen INOX-Aufh\u00e4nger, der dazu dient, den St\u00e4nder als Dekoration oder zum Ernten an die Wand zu h\u00e4ngen.<\/li>\n<li><a href=\"https:\/\/wp.tendesign.si\/de\/produkt-kategorie\/messer\/\">Hier <\/a><a href=\"https:\/\/wp.tendesign.si\/de\/produkt-kategorie\/messer\/\"> k\u00f6nnen Sie <\/a><a href=\"https:\/\/wp.tendesign.si\/de\/produkt-kategorie\/messer\/\">ein Schinkenmesser ausw\u00e4hlen<\/a><\/li>\n<\/ul>\n<\/li>\n<\/ul>\n<p>*Farbe und Muster des Granits k\u00f6nnen von dem abgebildeten Modell abweichen.<\/p>\n<p><iframe src=\"https:\/\/www.youtube.com\/embed\/f_SAStjQy7s?rel=0\" width=\"560\" height=\"315\" frameborder=\"0\" allowfullscreen=\"allowfullscreen\"><\/iframe><\/p>\n","protected":false},"excerpt":{"rendered":"<p>Die TEN-Schinkenst\u00e4nder verf\u00fcgen \u00fcber eine einzigartig geformte INOX-Zange mit 16 Z\u00e4hnen in einem speziellen Design, die einen starken Griff und eine praktische Klemmung mit einem stufenlosen Mechanismus bietet.<\/p>\n","protected":false},"featured_media":4037,"comment_status":"closed","ping_status":"closed","template":"","meta":[],"product_cat":[2083],"product_tag":[2089,2559,2323,2316,2139,2357,2328,2313,2319,2086,2301,2308,2103,2305],"yst_prominent_words":[],"_links":{"self":[{"href":"https:\/\/wp.tendesign.si\/de\/wp-json\/wp\/v2\/product\/6146"}],"collection":[{"href":"https:\/\/wp.tendesign.si\/de\/wp-json\/wp\/v2\/product"}],"about":[{"href":"https:\/\/wp.tendesign.si\/de\/wp-json\/wp\/v2\/types\/product"}],"replies":[{"embeddable":true,"href":"https:\/\/wp.tendesign.si\/de\/wp-json\/wp\/v2\/comments?post=6146"}],"wp:featuredmedia":[{"embeddable":true,"href":"https:\/\/wp.tendesign.si\/de\/wp-json\/wp\/v2\/media\/4037"}],"wp:attachment":[{"href":"https:\/\/wp.tendesign.si\/de\/wp-json\/wp\/v2\/media?parent=6146"}],"wp:term":[{"taxonomy":"product_cat","embeddable":true,"href":"https:\/\/wp.tendesign.si\/de\/wp-json\/wp\/v2\/product_cat?post=6146"},{"taxonomy":"product_tag","embeddable":true,"href":"https:\/\/wp.tendesign.si\/de\/wp-json\/wp\/v2\/product_tag?post=6146"},{"taxonomy":"yst_prominent_words","embeddable":true,"href":"https:\/\/wp.tendesign.si\/de\/wp-json\/wp\/v2\/yst_prominent_words?post=6146"}],"curies":[{"name":"wp","href":"https:\/\/api.w.org\/{rel}","templated":true}]}}