{"id":5942,"date":"2020-07-31T20:39:59","date_gmt":"2024-04-16T08:47:38","guid":{"rendered":"https:\/\/wp.tendesign.si\/trgovina\/unkategorisiert\/kuechenmesserset-edelweiss-eco\/"},"modified":"2024-04-16T10:47:38","modified_gmt":"2024-04-16T08:47:38","slug":"kuechenmesserset-edelweiss-eco","status":"publish","type":"product","link":"https:\/\/wp.tendesign.si\/de\/trgovina\/messer\/kuechenmesserset-edelweiss-eco\/","title":{"rendered":"K\u00fcchenmesserset &#8211; Edelweiss ECO"},"content":{"rendered":"<p>Das K\u00fcchenmesserset besteht aus sechs identischen K\u00fcchenmessern mit einem anatomischen Kunststoffgriff.<\/p>\n","protected":false},"excerpt":{"rendered":"<p>Das K\u00fcchenmesserset besteht aus sechs identischen K\u00fcchenmessern mit einem anatomischen Kunststoffgriff.<\/p>\n","protected":false},"featured_media":4923,"comment_status":"closed","ping_status":"closed","template":"","meta":[],"product_cat":[2136],"product_tag":[2139,2137,2172,2209,2224,2211],"yst_prominent_words":[],"_links":{"self":[{"href":"https:\/\/wp.tendesign.si\/de\/wp-json\/wp\/v2\/product\/5942"}],"collection":[{"href":"https:\/\/wp.tendesign.si\/de\/wp-json\/wp\/v2\/product"}],"about":[{"href":"https:\/\/wp.tendesign.si\/de\/wp-json\/wp\/v2\/types\/product"}],"replies":[{"embeddable":true,"href":"https:\/\/wp.tendesign.si\/de\/wp-json\/wp\/v2\/comments?post=5942"}],"wp:featuredmedia":[{"embeddable":true,"href":"https:\/\/wp.tendesign.si\/de\/wp-json\/wp\/v2\/media\/4923"}],"wp:attachment":[{"href":"https:\/\/wp.tendesign.si\/de\/wp-json\/wp\/v2\/media?parent=5942"}],"wp:term":[{"taxonomy":"product_cat","embeddable":true,"href":"https:\/\/wp.tendesign.si\/de\/wp-json\/wp\/v2\/product_cat?post=5942"},{"taxonomy":"product_tag","embeddable":true,"href":"https:\/\/wp.tendesign.si\/de\/wp-json\/wp\/v2\/product_tag?post=5942"},{"taxonomy":"yst_prominent_words","embeddable":true,"href":"https:\/\/wp.tendesign.si\/de\/wp-json\/wp\/v2\/yst_prominent_words?post=5942"}],"curies":[{"name":"wp","href":"https:\/\/api.w.org\/{rel}","templated":true}]}}