{"id":5886,"date":"2024-01-15T17:08:23","date_gmt":"2024-04-16T08:46:08","guid":{"rendered":"https:\/\/wp.tendesign.si\/trgovina\/unkategorisiert\/schinkenstaender-elipsa-carrstone-glaenzend\/"},"modified":"2024-04-16T10:46:08","modified_gmt":"2024-04-16T08:46:08","slug":"schinkenstaender-elipsa-carrstone-glaenzend","status":"publish","type":"product","link":"https:\/\/wp.tendesign.si\/de\/trgovina\/schinkenstander\/schinkenstaender-elipsa-carrstone-glaenzend\/","title":{"rendered":"Schinkenst\u00e4nder &#8211; ELIPSA Carrstone &#8211; gl\u00e4nzend"},"content":{"rendered":"<p>Besondere Eigenschaften von <strong>ELIPSA Carrstone &#8211; gl\u00e4nzend<\/strong>:<\/p>\n<p><strong>Sockel:<\/strong> polierter Karststein (Steinbruch Repen) &#8211; 30 mm dick. Das verleiht ihm Gewicht und damit Steifigkeit und Stabilit\u00e4t beim Schneiden.<\/p>\n<p><strong>Metallteil:<\/strong> Edelstahl (Inox), auf <strong>Hochglanz<\/strong> poliert <strong>.<\/strong><\/p>\n<ul>\n<li>\n<h4><a href=\"https:\/\/wp.tendesign.si\/de\/produkt-kategorie\/messer\/\">Hier k\u00f6nnen Sie selbst w\u00e4hlen &#8211; Schinkenmesser oder Messerset.<\/a><\/h4>\n<\/li>\n<\/ul>\n<p>* Die Farbe und das Fossilmuster des Karststeins k\u00f6nnen von dem abgebildeten Modell abweichen.<\/p>\n<p><iframe title=\"Stojala za Pr\u0161ut TEN\" width=\"640\" height=\"360\" src=\"https:\/\/www.youtube.com\/embed\/bm0JSQylA1g?start=7&#038;feature=oembed\" frameborder=\"0\" allow=\"accelerometer; autoplay; clipboard-write; encrypted-media; gyroscope; picture-in-picture; web-share\" referrerpolicy=\"strict-origin-when-cross-origin\" allowfullscreen><\/iframe><\/p>\n<p>&nbsp;<\/p>\n","protected":false},"excerpt":{"rendered":"<p>Das einzigartige und innovative Design der Edelstahl-Klemmzange mit speziell geformten 16 Z\u00e4hnen und erm\u00f6glicht ein praktisches Klemmen mit einem stufenlosen Mechanismus, der einen starken und festen Griff gew\u00e4hrleistet.<\/p>\n<h5>Der <strong>Unterschied zwischen dem Basismodell mit Kunststoff-Endstopfen und dem Modell mit der Bezeichnung &#8220;gloss&#8221;<\/strong> liegt im Metallteil, das in beiden F\u00e4llen aus poliertem Edelstahl besteht, nur dass es beim Modell &#8220;gloss&#8221; zus\u00e4tzlich auf Hochglanz poliert ist und die Endstopfen aus INOX sind!<\/h5>\n<p>Die Form des Sockels ist ein Kompromiss zwischen Stabilit\u00e4t, Zweckm\u00e4\u00dfigkeit und Preis, w\u00e4hrend die runde Form ihm ein zeitgen\u00f6ssisches, modernes und auff\u00e4lliges Aussehen verleiht.<\/p>\n","protected":false},"featured_media":5821,"comment_status":"closed","ping_status":"closed","template":"","meta":[],"product_cat":[2083],"product_tag":[],"yst_prominent_words":[],"_links":{"self":[{"href":"https:\/\/wp.tendesign.si\/de\/wp-json\/wp\/v2\/product\/5886"}],"collection":[{"href":"https:\/\/wp.tendesign.si\/de\/wp-json\/wp\/v2\/product"}],"about":[{"href":"https:\/\/wp.tendesign.si\/de\/wp-json\/wp\/v2\/types\/product"}],"replies":[{"embeddable":true,"href":"https:\/\/wp.tendesign.si\/de\/wp-json\/wp\/v2\/comments?post=5886"}],"wp:featuredmedia":[{"embeddable":true,"href":"https:\/\/wp.tendesign.si\/de\/wp-json\/wp\/v2\/media\/5821"}],"wp:attachment":[{"href":"https:\/\/wp.tendesign.si\/de\/wp-json\/wp\/v2\/media?parent=5886"}],"wp:term":[{"taxonomy":"product_cat","embeddable":true,"href":"https:\/\/wp.tendesign.si\/de\/wp-json\/wp\/v2\/product_cat?post=5886"},{"taxonomy":"product_tag","embeddable":true,"href":"https:\/\/wp.tendesign.si\/de\/wp-json\/wp\/v2\/product_tag?post=5886"},{"taxonomy":"yst_prominent_words","embeddable":true,"href":"https:\/\/wp.tendesign.si\/de\/wp-json\/wp\/v2\/yst_prominent_words?post=5886"}],"curies":[{"name":"wp","href":"https:\/\/api.w.org\/{rel}","templated":true}]}}