{"id":6808,"date":"2024-04-24T07:37:22","date_gmt":"2024-04-24T05:37:22","guid":{"rendered":"https:\/\/wp.tendesign.si\/aendern-sie-ihre-cookie-zustimmung\/"},"modified":"2024-04-24T07:37:22","modified_gmt":"2024-04-24T05:37:22","slug":"aendern-sie-ihre-cookie-zustimmung","status":"publish","type":"page","link":"https:\/\/wp.tendesign.si\/de\/aendern-sie-ihre-cookie-zustimmung\/","title":{"rendered":"\u00c4ndern Sie Ihre Cookie-Zustimmung"},"content":{"rendered":"<p>Sie k\u00f6nnen Ihre Zustimmung zur Speicherung von Cookies \u00e4ndern, indem Sie den unten angegebenen Link verwenden.<\/p>\n<p><a href=\"javascript:CookieConsent.renew();CookieDeclaration.SetUserStatusLabel();\">\u00c4ndern Sie Ihre Zustimmung<\/a><\/p>\n","protected":false},"excerpt":{"rendered":"<p>Sie k\u00f6nnen Ihre Zustimmung zur Speicherung von Cookies \u00e4ndern, indem Sie den unten angegebenen Link verwenden. \u00c4ndern Sie Ihre Zustimmung<\/p>\n","protected":false},"author":2,"featured_media":0,"parent":0,"menu_order":0,"comment_status":"closed","ping_status":"closed","template":"","meta":{"footnotes":""},"yst_prominent_words":[],"_links":{"self":[{"href":"https:\/\/wp.tendesign.si\/de\/wp-json\/wp\/v2\/pages\/6808"}],"collection":[{"href":"https:\/\/wp.tendesign.si\/de\/wp-json\/wp\/v2\/pages"}],"about":[{"href":"https:\/\/wp.tendesign.si\/de\/wp-json\/wp\/v2\/types\/page"}],"author":[{"embeddable":true,"href":"https:\/\/wp.tendesign.si\/de\/wp-json\/wp\/v2\/users\/2"}],"replies":[{"embeddable":true,"href":"https:\/\/wp.tendesign.si\/de\/wp-json\/wp\/v2\/comments?post=6808"}],"version-history":[{"count":0,"href":"https:\/\/wp.tendesign.si\/de\/wp-json\/wp\/v2\/pages\/6808\/revisions"}],"wp:attachment":[{"href":"https:\/\/wp.tendesign.si\/de\/wp-json\/wp\/v2\/media?parent=6808"}],"wp:term":[{"taxonomy":"yst_prominent_words","embeddable":true,"href":"https:\/\/wp.tendesign.si\/de\/wp-json\/wp\/v2\/yst_prominent_words?post=6808"}],"curies":[{"name":"wp","href":"https:\/\/api.w.org\/{rel}","templated":true}]}}